{"id":1069,"date":"2023-09-01T14:10:13","date_gmt":"2023-09-01T14:10:13","guid":{"rendered":"https:\/\/triptwowheels.com\/?page_id=1069"},"modified":"2023-09-01T14:44:08","modified_gmt":"2023-09-01T14:44:08","slug":"galeria-castelo-branco","status":"publish","type":"page","link":"https:\/\/triptwowheels.com\/en\/galeria-castelo-branco\/","title":{"rendered":"Galeria &#8211; Castelo Branco"},"content":{"rendered":"\t\t<div data-elementor-type=\"wp-page\" data-elementor-id=\"1069\" class=\"elementor elementor-1069\">\n\t\t\t\t\t\t<section class=\"elementor-section elementor-top-section elementor-element elementor-element-fd202d3 elementor-section-boxed elementor-section-height-default elementor-section-height-default\" data-id=\"fd202d3\" data-element_type=\"section\" data-e-type=\"section\" data-settings=\"{&quot;background_background&quot;:&quot;slideshow&quot;,&quot;background_slideshow_gallery&quot;:[{&quot;id&quot;:943,&quot;url&quot;:&quot;https:\\\/\\\/triptwowheels.com\\\/wp-content\\\/uploads\\\/2023\\\/08\\\/DSC_0327.jpg&quot;},{&quot;id&quot;:929,&quot;url&quot;:&quot;https:\\\/\\\/triptwowheels.com\\\/wp-content\\\/uploads\\\/2023\\\/08\\\/DSC_0308.jpg&quot;},{&quot;id&quot;:931,&quot;url&quot;:&quot;https:\\\/\\\/triptwowheels.com\\\/wp-content\\\/uploads\\\/2023\\\/08\\\/DSC_0310.jpg&quot;},{&quot;id&quot;:965,&quot;url&quot;:&quot;https:\\\/\\\/triptwowheels.com\\\/wp-content\\\/uploads\\\/2023\\\/08\\\/DSC_0359.jpg&quot;}],&quot;background_slideshow_ken_burns&quot;:&quot;yes&quot;,&quot;background_slideshow_loop&quot;:&quot;yes&quot;,&quot;background_slideshow_slide_duration&quot;:5000,&quot;background_slideshow_slide_transition&quot;:&quot;fade&quot;,&quot;background_slideshow_transition_duration&quot;:500,&quot;background_slideshow_ken_burns_zoom_direction&quot;:&quot;in&quot;}\">\n\t\t\t\t\t\t<div class=\"elementor-container elementor-column-gap-default\">\n\t\t\t\t\t<div class=\"elementor-column elementor-col-100 elementor-top-column elementor-element elementor-element-ba7dad5\" data-id=\"ba7dad5\" data-element_type=\"column\" data-e-type=\"column\">\n\t\t\t<div class=\"elementor-widget-wrap elementor-element-populated\">\n\t\t\t\t\t\t<div class=\"elementor-element elementor-element-fab46f7 elementor-widget elementor-widget-gva-heading-block\" data-id=\"fab46f7\" data-element_type=\"widget\" data-e-type=\"widget\" data-widget_type=\"gva-heading-block.default\">\n\t\t\t\t<div class=\"elementor-widget-container\">\n\t\t\t\t\t<div class=\"gva-element-gva-heading-block gva-element\">   <div class=\"align-left style-1 widget gsc-heading box-align-left auto-responsive\">\r\n      <div class=\"content-inner\">\r\n         \r\n                  \r\n           \r\n         \r\n                     <h2 class=\"title\">\r\n               <span>Galeria<\/span>\r\n            <\/h2>\r\n                  \r\n                     <div class=\"title-desc\">Criando mem\u00f3rias duradouras e<br>\ncompartilhando hist\u00f3rias incr\u00edveis.<\/div>\r\n         \r\n         \r\n      <\/div>\r\n   <\/div>\r\n<\/div>\t\t\t\t<\/div>\n\t\t\t\t<\/div>\n\t\t\t\t\t<\/div>\n\t\t<\/div>\n\t\t\t\t\t<\/div>\n\t\t<\/section>\n\t\t\t\t<section class=\"elementor-section elementor-top-section elementor-element elementor-element-2b99cdb elementor-section-boxed elementor-section-height-default elementor-section-height-default\" data-id=\"2b99cdb\" data-element_type=\"section\" data-e-type=\"section\">\n\t\t\t\t\t\t<div class=\"elementor-container elementor-column-gap-default\">\n\t\t\t\t\t<div class=\"elementor-column elementor-col-100 elementor-top-column elementor-element elementor-element-440fc25\" data-id=\"440fc25\" data-element_type=\"column\" data-e-type=\"column\">\n\t\t\t<div class=\"elementor-widget-wrap elementor-element-populated\">\n\t\t\t\t\t\t<div class=\"elementor-element elementor-element-f8e16ba elementor-widget elementor-widget-heading\" data-id=\"f8e16ba\" data-element_type=\"widget\" data-e-type=\"widget\" data-widget_type=\"heading.default\">\n\t\t\t\t<div class=\"elementor-widget-container\">\n\t\t\t\t\t<h1 class=\"elementor-heading-title elementor-size-default\">Castelo Branco<\/h1>\t\t\t\t<\/div>\n\t\t\t\t<\/div>\n\t\t\t\t\t<\/div>\n\t\t<\/div>\n\t\t\t\t\t<\/div>\n\t\t<\/section>\n\t\t\t\t<section class=\"elementor-section elementor-top-section elementor-element elementor-element-86f2921 elementor-section-boxed elementor-section-height-default elementor-section-height-default\" data-id=\"86f2921\" data-element_type=\"section\" data-e-type=\"section\">\n\t\t\t\t\t\t<div class=\"elementor-container elementor-column-gap-default\">\n\t\t\t\t\t<div class=\"elementor-column elementor-col-100 elementor-top-column elementor-element elementor-element-5b19db5\" data-id=\"5b19db5\" data-element_type=\"column\" data-e-type=\"column\">\n\t\t\t<div class=\"elementor-widget-wrap elementor-element-populated\">\n\t\t\t\t\t\t<div class=\"elementor-element elementor-element-aa6f9e4 elementor-widget elementor-widget-image-gallery\" data-id=\"aa6f9e4\" data-element_type=\"widget\" data-e-type=\"widget\" data-widget_type=\"image-gallery.default\">\n\t\t\t\t<div class=\"elementor-widget-container\">\n\t\t\t\t\t\t\t<div class=\"elementor-image-gallery\">\n\t\t\t\n\t\t<style type=\"text\/css\">\n\t\t\t#gallery-1 {\n\t\t\t\tmargin: auto;\n\t\t\t}\n\t\t\t#gallery-1 .gallery-item {\n\t\t\t\tfloat: left;\n\t\t\t\tmargin-top: 10px;\n\t\t\t\ttext-align: center;\n\t\t\t\twidth: 25%;\n\t\t\t}\n\t\t\t#gallery-1 img {\n\t\t\t\tborder: 2px solid #cfcfcf;\n\t\t\t}\n\t\t\t#gallery-1 .gallery-caption {\n\t\t\t\tmargin-left: 0;\n\t\t\t}\n\t\t\t\/* see gallery_shortcode() in wp-includes\/media.php *\/\n\t\t<\/style>\n\t\t<div id='gallery-1' class='gallery galleryid-1069 gallery-columns-4 gallery-size-medium'><dl class='gallery-item'>\n\t\t\t<dt class='gallery-icon portrait'>\n\t\t\t\t<a data-elementor-open-lightbox=\"yes\" data-elementor-lightbox-slideshow=\"aa6f9e4\" data-elementor-lightbox-title=\"Imagem WhatsApp 2023-05-16 \u00e0s 16.55.21\" data-e-action-hash=\"#elementor-action%3Aaction%3Dlightbox%26settings%3DeyJpZCI6MTA0MSwidXJsIjoiaHR0cHM6XC9cL3RyaXB0d293aGVlbHMuY29tXC93cC1jb250ZW50XC91cGxvYWRzXC8yMDIzXC8wOVwvSW1hZ2VtLVdoYXRzQXBwLTIwMjMtMDUtMTYtYXMtMTYuNTUuMjEuanBnIiwic2xpZGVzaG93IjoiYWE2ZjllNCJ9\" href='https:\/\/triptwowheels.com\/wp-content\/uploads\/2023\/09\/Imagem-WhatsApp-2023-05-16-as-16.55.21.jpg'><img fetchpriority=\"high\" decoding=\"async\" width=\"200\" height=\"300\" src=\"https:\/\/triptwowheels.com\/wp-content\/uploads\/2023\/09\/Imagem-WhatsApp-2023-05-16-as-16.55.21-200x300.jpg\" class=\"attachment-medium size-medium\" alt=\"\" srcset=\"https:\/\/triptwowheels.com\/wp-content\/uploads\/2023\/09\/Imagem-WhatsApp-2023-05-16-as-16.55.21-200x300.jpg 200w, https:\/\/triptwowheels.com\/wp-content\/uploads\/2023\/09\/Imagem-WhatsApp-2023-05-16-as-16.55.21-683x1024.jpg 683w, https:\/\/triptwowheels.com\/wp-content\/uploads\/2023\/09\/Imagem-WhatsApp-2023-05-16-as-16.55.21-768x1151.jpg 768w, https:\/\/triptwowheels.com\/wp-content\/uploads\/2023\/09\/Imagem-WhatsApp-2023-05-16-as-16.55.21-8x12.jpg 8w, https:\/\/triptwowheels.com\/wp-content\/uploads\/2023\/09\/Imagem-WhatsApp-2023-05-16-as-16.55.21-600x900.jpg 600w, https:\/\/triptwowheels.com\/wp-content\/uploads\/2023\/09\/Imagem-WhatsApp-2023-05-16-as-16.55.21.jpg 1366w\" sizes=\"(max-width: 200px) 100vw, 200px\" \/><\/a>\n\t\t\t<\/dt><\/dl><dl class='gallery-item'>\n\t\t\t<dt class='gallery-icon portrait'>\n\t\t\t\t<a data-elementor-open-lightbox=\"yes\" data-elementor-lightbox-slideshow=\"aa6f9e4\" data-elementor-lightbox-title=\"Imagem WhatsApp 2023-05-16 \u00e0s 16.55.20\" data-e-action-hash=\"#elementor-action%3Aaction%3Dlightbox%26settings%3DeyJpZCI6MTA0MCwidXJsIjoiaHR0cHM6XC9cL3RyaXB0d293aGVlbHMuY29tXC93cC1jb250ZW50XC91cGxvYWRzXC8yMDIzXC8wOVwvSW1hZ2VtLVdoYXRzQXBwLTIwMjMtMDUtMTYtYXMtMTYuNTUuMjAuanBnIiwic2xpZGVzaG93IjoiYWE2ZjllNCJ9\" href='https:\/\/triptwowheels.com\/wp-content\/uploads\/2023\/09\/Imagem-WhatsApp-2023-05-16-as-16.55.20.jpg'><img decoding=\"async\" width=\"200\" height=\"300\" src=\"https:\/\/triptwowheels.com\/wp-content\/uploads\/2023\/09\/Imagem-WhatsApp-2023-05-16-as-16.55.20-200x300.jpg\" class=\"attachment-medium size-medium\" alt=\"\" srcset=\"https:\/\/triptwowheels.com\/wp-content\/uploads\/2023\/09\/Imagem-WhatsApp-2023-05-16-as-16.55.20-200x300.jpg 200w, https:\/\/triptwowheels.com\/wp-content\/uploads\/2023\/09\/Imagem-WhatsApp-2023-05-16-as-16.55.20-683x1024.jpg 683w, https:\/\/triptwowheels.com\/wp-content\/uploads\/2023\/09\/Imagem-WhatsApp-2023-05-16-as-16.55.20-768x1151.jpg 768w, https:\/\/triptwowheels.com\/wp-content\/uploads\/2023\/09\/Imagem-WhatsApp-2023-05-16-as-16.55.20-8x12.jpg 8w, https:\/\/triptwowheels.com\/wp-content\/uploads\/2023\/09\/Imagem-WhatsApp-2023-05-16-as-16.55.20-600x900.jpg 600w, https:\/\/triptwowheels.com\/wp-content\/uploads\/2023\/09\/Imagem-WhatsApp-2023-05-16-as-16.55.20.jpg 1366w\" sizes=\"(max-width: 200px) 100vw, 200px\" \/><\/a>\n\t\t\t<\/dt><\/dl><dl class='gallery-item'>\n\t\t\t<dt class='gallery-icon portrait'>\n\t\t\t\t<a data-elementor-open-lightbox=\"yes\" data-elementor-lightbox-slideshow=\"aa6f9e4\" data-elementor-lightbox-title=\"Imagem WhatsApp 2023-05-16 \u00e0s 16.55.20 (2)\" data-e-action-hash=\"#elementor-action%3Aaction%3Dlightbox%26settings%3DeyJpZCI6MTAzOSwidXJsIjoiaHR0cHM6XC9cL3RyaXB0d293aGVlbHMuY29tXC93cC1jb250ZW50XC91cGxvYWRzXC8yMDIzXC8wOVwvSW1hZ2VtLVdoYXRzQXBwLTIwMjMtMDUtMTYtYXMtMTYuNTUuMjAtMi5qcGciLCJzbGlkZXNob3ciOiJhYTZmOWU0In0%3D\" href='https:\/\/triptwowheels.com\/wp-content\/uploads\/2023\/09\/Imagem-WhatsApp-2023-05-16-as-16.55.20-2.jpg'><img decoding=\"async\" width=\"200\" height=\"300\" src=\"https:\/\/triptwowheels.com\/wp-content\/uploads\/2023\/09\/Imagem-WhatsApp-2023-05-16-as-16.55.20-2-200x300.jpg\" class=\"attachment-medium size-medium\" alt=\"\" srcset=\"https:\/\/triptwowheels.com\/wp-content\/uploads\/2023\/09\/Imagem-WhatsApp-2023-05-16-as-16.55.20-2-200x300.jpg 200w, https:\/\/triptwowheels.com\/wp-content\/uploads\/2023\/09\/Imagem-WhatsApp-2023-05-16-as-16.55.20-2-683x1024.jpg 683w, https:\/\/triptwowheels.com\/wp-content\/uploads\/2023\/09\/Imagem-WhatsApp-2023-05-16-as-16.55.20-2-768x1151.jpg 768w, https:\/\/triptwowheels.com\/wp-content\/uploads\/2023\/09\/Imagem-WhatsApp-2023-05-16-as-16.55.20-2-8x12.jpg 8w, https:\/\/triptwowheels.com\/wp-content\/uploads\/2023\/09\/Imagem-WhatsApp-2023-05-16-as-16.55.20-2-600x900.jpg 600w, https:\/\/triptwowheels.com\/wp-content\/uploads\/2023\/09\/Imagem-WhatsApp-2023-05-16-as-16.55.20-2.jpg 1366w\" sizes=\"(max-width: 200px) 100vw, 200px\" \/><\/a>\n\t\t\t<\/dt><\/dl><dl class='gallery-item'>\n\t\t\t<dt class='gallery-icon portrait'>\n\t\t\t\t<a data-elementor-open-lightbox=\"yes\" data-elementor-lightbox-slideshow=\"aa6f9e4\" data-elementor-lightbox-title=\"Imagem WhatsApp 2023-05-16 \u00e0s 16.54.26\" data-e-action-hash=\"#elementor-action%3Aaction%3Dlightbox%26settings%3DeyJpZCI6MTAzOCwidXJsIjoiaHR0cHM6XC9cL3RyaXB0d293aGVlbHMuY29tXC93cC1jb250ZW50XC91cGxvYWRzXC8yMDIzXC8wOVwvSW1hZ2VtLVdoYXRzQXBwLTIwMjMtMDUtMTYtYXMtMTYuNTQuMjYuanBnIiwic2xpZGVzaG93IjoiYWE2ZjllNCJ9\" href='https:\/\/triptwowheels.com\/wp-content\/uploads\/2023\/09\/Imagem-WhatsApp-2023-05-16-as-16.54.26.jpg'><img loading=\"lazy\" decoding=\"async\" width=\"200\" height=\"300\" src=\"https:\/\/triptwowheels.com\/wp-content\/uploads\/2023\/09\/Imagem-WhatsApp-2023-05-16-as-16.54.26-200x300.jpg\" class=\"attachment-medium size-medium\" alt=\"\" srcset=\"https:\/\/triptwowheels.com\/wp-content\/uploads\/2023\/09\/Imagem-WhatsApp-2023-05-16-as-16.54.26-200x300.jpg 200w, https:\/\/triptwowheels.com\/wp-content\/uploads\/2023\/09\/Imagem-WhatsApp-2023-05-16-as-16.54.26-683x1024.jpg 683w, https:\/\/triptwowheels.com\/wp-content\/uploads\/2023\/09\/Imagem-WhatsApp-2023-05-16-as-16.54.26-768x1151.jpg 768w, https:\/\/triptwowheels.com\/wp-content\/uploads\/2023\/09\/Imagem-WhatsApp-2023-05-16-as-16.54.26-8x12.jpg 8w, https:\/\/triptwowheels.com\/wp-content\/uploads\/2023\/09\/Imagem-WhatsApp-2023-05-16-as-16.54.26-600x900.jpg 600w, https:\/\/triptwowheels.com\/wp-content\/uploads\/2023\/09\/Imagem-WhatsApp-2023-05-16-as-16.54.26.jpg 1366w\" sizes=\"(max-width: 200px) 100vw, 200px\" \/><\/a>\n\t\t\t<\/dt><\/dl><br style=\"clear: both\" \/>\n\t\t<\/div>\n\t\t<\/div>\n\t\t\t\t\t\t<\/div>\n\t\t\t\t<\/div>\n\t\t\t\t\t<\/div>\n\t\t<\/div>\n\t\t\t\t\t<\/div>\n\t\t<\/section>\n\t\t\t\t<section class=\"elementor-section elementor-top-section elementor-element elementor-element-874771e elementor-section-boxed elementor-section-height-default elementor-section-height-default\" data-id=\"874771e\" data-element_type=\"section\" data-e-type=\"section\" data-settings=\"{&quot;background_background&quot;:&quot;classic&quot;}\">\n\t\t\t\t\t\t<div class=\"elementor-container elementor-column-gap-default\">\n\t\t\t\t\t<div class=\"elementor-column elementor-col-50 elementor-top-column elementor-element elementor-element-baf9328\" data-id=\"baf9328\" data-element_type=\"column\" data-e-type=\"column\">\n\t\t\t<div class=\"elementor-widget-wrap elementor-element-populated\">\n\t\t\t\t\t\t<div class=\"elementor-element elementor-element-faa0958 elementor-position-inline-start icon-box-left elementor-view-default elementor-mobile-position-block-start elementor-widget elementor-widget-icon-box\" data-id=\"faa0958\" data-element_type=\"widget\" data-e-type=\"widget\" data-widget_type=\"icon-box.default\">\n\t\t\t\t<div class=\"elementor-widget-container\">\n\t\t\t\t\t\t\t<div class=\"elementor-icon-box-wrapper\">\n\n\t\t\t\t\t\t<div class=\"elementor-icon-box-icon\">\n\t\t\t\t<span  class=\"elementor-icon\">\n\t\t\t\t<i aria-hidden=\"true\" class=\" gwflaticon-travel\"><\/i>\t\t\t\t<\/span>\n\t\t\t<\/div>\n\t\t\t\n\t\t\t\t\t\t<div class=\"elementor-icon-box-content\">\n\n\t\t\t\t\t\t\t\t\t<h3 class=\"elementor-icon-box-title\">\n\t\t\t\t\t\t<span  >\n\t\t\t\t\t\t\tJunte-se \u00e0 Trip Two Wheels e mergulhe na atmosfera \u00fanica das estradas portuguesas.\t\t\t\t\t\t<\/span>\n\t\t\t\t\t<\/h3>\n\t\t\t\t\n\t\t\t\t\t\t\t\t\t<p class=\"elementor-icon-box-description\">\n\t\t\t\t\t\tProcuras uma experi\u00eancia aut\u00eantica em Portugal?\t\t\t\t\t<\/p>\n\t\t\t\t\n\t\t\t<\/div>\n\t\t\t\n\t\t<\/div>\n\t\t\t\t\t\t<\/div>\n\t\t\t\t<\/div>\n\t\t\t\t\t<\/div>\n\t\t<\/div>\n\t\t\t\t<div class=\"elementor-column elementor-col-50 elementor-top-column elementor-element elementor-element-4b50e81\" data-id=\"4b50e81\" data-element_type=\"column\" data-e-type=\"column\">\n\t\t\t<div class=\"elementor-widget-wrap elementor-element-populated\">\n\t\t\t\t\t\t<div class=\"elementor-element elementor-element-597283d elementor-widget__width-auto elementor-widget elementor-widget-html\" data-id=\"597283d\" data-element_type=\"widget\" data-e-type=\"widget\" data-widget_type=\"html.default\">\n\t\t\t\t<div class=\"elementor-widget-container\">\n\t\t\t\t\t<a class=\"btn-white\" href=\"https:\/\/triptwowheels.com\/?page_id=37\" target=\"_blank\">\n    Vem Explorar\n<\/a>\t\t\t\t<\/div>\n\t\t\t\t<\/div>\n\t\t\t\t\t<\/div>\n\t\t<\/div>\n\t\t\t\t\t<\/div>\n\t\t<\/section>\n\t\t\t\t<\/div>\n\t\t","protected":false},"excerpt":{"rendered":"<p>Galeria Criando mem\u00f3rias duradouras e compartilhando hist\u00f3rias incr\u00edveis. Castelo Branco Junte-se \u00e0 Trip Two Wheels e mergulhe na atmosfera \u00fanica das estradas portuguesas. Procuras uma experi\u00eancia aut\u00eantica em Portugal? Vem [&hellip;]<\/p>\n","protected":false},"author":1,"featured_media":0,"parent":0,"menu_order":0,"comment_status":"closed","ping_status":"closed","template":"","meta":{"footnotes":""},"class_list":["post-1069","page","type-page","status-publish","hentry"],"yoast_head":"<!-- This site is optimized with the Yoast SEO plugin v27.1.1 - https:\/\/yoast.com\/product\/yoast-seo-wordpress\/ -->\n<title>Galeria - Castelo Branco - Trip Two Wheels<\/title>\n<meta name=\"robots\" content=\"index, follow, max-snippet:-1, max-image-preview:large, max-video-preview:-1\" \/>\n<link rel=\"canonical\" href=\"https:\/\/triptwowheels.com\/en\/galeria-castelo-branco\/\" \/>\n<meta property=\"og:locale\" content=\"en_GB\" \/>\n<meta property=\"og:type\" content=\"article\" \/>\n<meta property=\"og:title\" content=\"Galeria - Castelo Branco - Trip Two Wheels\" \/>\n<meta property=\"og:description\" content=\"Galeria Criando mem\u00f3rias duradouras e compartilhando hist\u00f3rias incr\u00edveis. Castelo Branco Junte-se \u00e0 Trip Two Wheels e mergulhe na atmosfera \u00fanica das estradas portuguesas. Procuras uma experi\u00eancia aut\u00eantica em Portugal? Vem [&hellip;]\" \/>\n<meta property=\"og:url\" content=\"https:\/\/triptwowheels.com\/en\/galeria-castelo-branco\/\" \/>\n<meta property=\"og:site_name\" content=\"Trip Two Wheels\" \/>\n<meta property=\"article:publisher\" content=\"https:\/\/www.facebook.com\/profile.php?id=100095441108602\" \/>\n<meta property=\"article:modified_time\" content=\"2023-09-01T14:44:08+00:00\" \/>\n<meta property=\"og:image\" content=\"https:\/\/triptwowheels.com\/wp-content\/uploads\/2023\/09\/Imagem-WhatsApp-2023-05-16-as-16.55.21-200x300.jpg\" \/>\n<meta name=\"twitter:card\" content=\"summary_large_image\" \/>\n<script type=\"application\/ld+json\" class=\"yoast-schema-graph\">{\"@context\":\"https:\/\/schema.org\",\"@graph\":[{\"@type\":\"WebPage\",\"@id\":\"https:\/\/triptwowheels.com\/galeria-castelo-branco\/\",\"url\":\"https:\/\/triptwowheels.com\/galeria-castelo-branco\/\",\"name\":\"Galeria - Castelo Branco - Trip Two Wheels\",\"isPartOf\":{\"@id\":\"https:\/\/triptwowheels.com\/#website\"},\"primaryImageOfPage\":{\"@id\":\"https:\/\/triptwowheels.com\/galeria-castelo-branco\/#primaryimage\"},\"image\":{\"@id\":\"https:\/\/triptwowheels.com\/galeria-castelo-branco\/#primaryimage\"},\"thumbnailUrl\":\"https:\/\/triptwowheels.com\/wp-content\/uploads\/2023\/09\/Imagem-WhatsApp-2023-05-16-as-16.55.21-200x300.jpg\",\"datePublished\":\"2023-09-01T14:10:13+00:00\",\"dateModified\":\"2023-09-01T14:44:08+00:00\",\"breadcrumb\":{\"@id\":\"https:\/\/triptwowheels.com\/galeria-castelo-branco\/#breadcrumb\"},\"inLanguage\":\"en-GB\",\"potentialAction\":[{\"@type\":\"ReadAction\",\"target\":[\"https:\/\/triptwowheels.com\/galeria-castelo-branco\/\"]}]},{\"@type\":\"ImageObject\",\"inLanguage\":\"en-GB\",\"@id\":\"https:\/\/triptwowheels.com\/galeria-castelo-branco\/#primaryimage\",\"url\":\"https:\/\/triptwowheels.com\/wp-content\/uploads\/2023\/09\/Imagem-WhatsApp-2023-05-16-as-16.55.21-200x300.jpg\",\"contentUrl\":\"https:\/\/triptwowheels.com\/wp-content\/uploads\/2023\/09\/Imagem-WhatsApp-2023-05-16-as-16.55.21-200x300.jpg\"},{\"@type\":\"BreadcrumbList\",\"@id\":\"https:\/\/triptwowheels.com\/galeria-castelo-branco\/#breadcrumb\",\"itemListElement\":[{\"@type\":\"ListItem\",\"position\":1,\"name\":\"In\u00edcio\",\"item\":\"https:\/\/triptwowheels.com\/\"},{\"@type\":\"ListItem\",\"position\":2,\"name\":\"Galeria &#8211; Castelo Branco\"}]},{\"@type\":\"WebSite\",\"@id\":\"https:\/\/triptwowheels.com\/#website\",\"url\":\"https:\/\/triptwowheels.com\/\",\"name\":\"Trip Two Wheels\",\"description\":\"Voyage au Portugal en moto , voyage au Portugal en moto trail , road trip en moto au Portugal, moto tourisme au Portugal, ballade en moto au Portugal, tour en moto au Portugal, circuit moto au Portugal, vacances a moto au portugal\",\"publisher\":{\"@id\":\"https:\/\/triptwowheels.com\/#organization\"},\"alternateName\":\"Trip Two Wheels\",\"potentialAction\":[{\"@type\":\"SearchAction\",\"target\":{\"@type\":\"EntryPoint\",\"urlTemplate\":\"https:\/\/triptwowheels.com\/?s={search_term_string}\"},\"query-input\":{\"@type\":\"PropertyValueSpecification\",\"valueRequired\":true,\"valueName\":\"search_term_string\"}}],\"inLanguage\":\"en-GB\"},{\"@type\":\"Organization\",\"@id\":\"https:\/\/triptwowheels.com\/#organization\",\"name\":\"Trip Two Wheels\",\"alternateName\":\"Trip Two Wheels\",\"url\":\"https:\/\/triptwowheels.com\/\",\"logo\":{\"@type\":\"ImageObject\",\"inLanguage\":\"en-GB\",\"@id\":\"https:\/\/triptwowheels.com\/#\/schema\/logo\/image\/\",\"url\":\"https:\/\/triptwowheels.com\/wp-content\/uploads\/2022\/12\/logot2w.svg\",\"contentUrl\":\"https:\/\/triptwowheels.com\/wp-content\/uploads\/2022\/12\/logot2w.svg\",\"width\":403,\"height\":382,\"caption\":\"Trip Two Wheels\"},\"image\":{\"@id\":\"https:\/\/triptwowheels.com\/#\/schema\/logo\/image\/\"},\"sameAs\":[\"https:\/\/www.facebook.com\/profile.php?id=100095441108602\",\"https:\/\/www.instagram.com\/triptwowheels_com\/\"]}]}<\/script>\n<!-- \/ Yoast SEO plugin. -->","yoast_head_json":{"title":"Galeria - Castelo Branco - Trip Two Wheels","robots":{"index":"index","follow":"follow","max-snippet":"max-snippet:-1","max-image-preview":"max-image-preview:large","max-video-preview":"max-video-preview:-1"},"canonical":"https:\/\/triptwowheels.com\/en\/galeria-castelo-branco\/","og_locale":"en_GB","og_type":"article","og_title":"Galeria - Castelo Branco - Trip Two Wheels","og_description":"Galeria Criando mem\u00f3rias duradouras e compartilhando hist\u00f3rias incr\u00edveis. Castelo Branco Junte-se \u00e0 Trip Two Wheels e mergulhe na atmosfera \u00fanica das estradas portuguesas. Procuras uma experi\u00eancia aut\u00eantica em Portugal? Vem [&hellip;]","og_url":"https:\/\/triptwowheels.com\/en\/galeria-castelo-branco\/","og_site_name":"Trip Two Wheels","article_publisher":"https:\/\/www.facebook.com\/profile.php?id=100095441108602","article_modified_time":"2023-09-01T14:44:08+00:00","og_image":[{"url":"https:\/\/triptwowheels.com\/wp-content\/uploads\/2023\/09\/Imagem-WhatsApp-2023-05-16-as-16.55.21-200x300.jpg","type":"","width":"","height":""}],"twitter_card":"summary_large_image","schema":{"@context":"https:\/\/schema.org","@graph":[{"@type":"WebPage","@id":"https:\/\/triptwowheels.com\/galeria-castelo-branco\/","url":"https:\/\/triptwowheels.com\/galeria-castelo-branco\/","name":"Galeria - Castelo Branco - Trip Two Wheels","isPartOf":{"@id":"https:\/\/triptwowheels.com\/#website"},"primaryImageOfPage":{"@id":"https:\/\/triptwowheels.com\/galeria-castelo-branco\/#primaryimage"},"image":{"@id":"https:\/\/triptwowheels.com\/galeria-castelo-branco\/#primaryimage"},"thumbnailUrl":"https:\/\/triptwowheels.com\/wp-content\/uploads\/2023\/09\/Imagem-WhatsApp-2023-05-16-as-16.55.21-200x300.jpg","datePublished":"2023-09-01T14:10:13+00:00","dateModified":"2023-09-01T14:44:08+00:00","breadcrumb":{"@id":"https:\/\/triptwowheels.com\/galeria-castelo-branco\/#breadcrumb"},"inLanguage":"en-GB","potentialAction":[{"@type":"ReadAction","target":["https:\/\/triptwowheels.com\/galeria-castelo-branco\/"]}]},{"@type":"ImageObject","inLanguage":"en-GB","@id":"https:\/\/triptwowheels.com\/galeria-castelo-branco\/#primaryimage","url":"https:\/\/triptwowheels.com\/wp-content\/uploads\/2023\/09\/Imagem-WhatsApp-2023-05-16-as-16.55.21-200x300.jpg","contentUrl":"https:\/\/triptwowheels.com\/wp-content\/uploads\/2023\/09\/Imagem-WhatsApp-2023-05-16-as-16.55.21-200x300.jpg"},{"@type":"BreadcrumbList","@id":"https:\/\/triptwowheels.com\/galeria-castelo-branco\/#breadcrumb","itemListElement":[{"@type":"ListItem","position":1,"name":"In\u00edcio","item":"https:\/\/triptwowheels.com\/"},{"@type":"ListItem","position":2,"name":"Galeria &#8211; Castelo Branco"}]},{"@type":"WebSite","@id":"https:\/\/triptwowheels.com\/#website","url":"https:\/\/triptwowheels.com\/","name":"Trip Two Wheels","description":"Voyage au Portugal en moto , voyage au Portugal en moto trail , road trip en moto au Portugal, moto tourisme au Portugal, ballade en moto au Portugal, tour en moto au Portugal, circuit moto au Portugal, vacances a moto au portugal","publisher":{"@id":"https:\/\/triptwowheels.com\/#organization"},"alternateName":"Trip Two Wheels","potentialAction":[{"@type":"SearchAction","target":{"@type":"EntryPoint","urlTemplate":"https:\/\/triptwowheels.com\/?s={search_term_string}"},"query-input":{"@type":"PropertyValueSpecification","valueRequired":true,"valueName":"search_term_string"}}],"inLanguage":"en-GB"},{"@type":"Organization","@id":"https:\/\/triptwowheels.com\/#organization","name":"Trip Two Wheels","alternateName":"Trip Two Wheels","url":"https:\/\/triptwowheels.com\/","logo":{"@type":"ImageObject","inLanguage":"en-GB","@id":"https:\/\/triptwowheels.com\/#\/schema\/logo\/image\/","url":"https:\/\/triptwowheels.com\/wp-content\/uploads\/2022\/12\/logot2w.svg","contentUrl":"https:\/\/triptwowheels.com\/wp-content\/uploads\/2022\/12\/logot2w.svg","width":403,"height":382,"caption":"Trip Two Wheels"},"image":{"@id":"https:\/\/triptwowheels.com\/#\/schema\/logo\/image\/"},"sameAs":["https:\/\/www.facebook.com\/profile.php?id=100095441108602","https:\/\/www.instagram.com\/triptwowheels_com\/"]}]}},"_links":{"self":[{"href":"https:\/\/triptwowheels.com\/en\/wp-json\/wp\/v2\/pages\/1069","targetHints":{"allow":["GET"]}}],"collection":[{"href":"https:\/\/triptwowheels.com\/en\/wp-json\/wp\/v2\/pages"}],"about":[{"href":"https:\/\/triptwowheels.com\/en\/wp-json\/wp\/v2\/types\/page"}],"author":[{"embeddable":true,"href":"https:\/\/triptwowheels.com\/en\/wp-json\/wp\/v2\/users\/1"}],"replies":[{"embeddable":true,"href":"https:\/\/triptwowheels.com\/en\/wp-json\/wp\/v2\/comments?post=1069"}],"version-history":[{"count":7,"href":"https:\/\/triptwowheels.com\/en\/wp-json\/wp\/v2\/pages\/1069\/revisions"}],"predecessor-version":[{"id":1079,"href":"https:\/\/triptwowheels.com\/en\/wp-json\/wp\/v2\/pages\/1069\/revisions\/1079"}],"wp:attachment":[{"href":"https:\/\/triptwowheels.com\/en\/wp-json\/wp\/v2\/media?parent=1069"}],"curies":[{"name":"wp","href":"https:\/\/api.w.org\/{rel}","templated":true}]}}