{"id":1281,"date":"2023-09-10T19:20:45","date_gmt":"2023-09-10T19:20:45","guid":{"rendered":"https:\/\/triptwowheels.com\/?page_id=1281"},"modified":"2023-09-10T19:26:20","modified_gmt":"2023-09-10T19:26:20","slug":"membros","status":"publish","type":"page","link":"https:\/\/triptwowheels.com\/en\/membros\/","title":{"rendered":"Members"},"content":{"rendered":"<div data-elementor-type=\"wp-page\" data-elementor-id=\"1281\" class=\"elementor elementor-1281\">\n\t\t\t\t\t\t<section class=\"elementor-section elementor-top-section elementor-element elementor-element-f65563a elementor-section-full_width elementor-section-height-default elementor-section-height-default\" data-id=\"f65563a\" data-element_type=\"section\" data-e-type=\"section\">\n\t\t\t\t\t\t<div class=\"elementor-container elementor-column-gap-default\">\n\t\t\t\t\t<div class=\"elementor-column elementor-col-100 elementor-top-column elementor-element elementor-element-d98a98b\" data-id=\"d98a98b\" data-element_type=\"column\" data-e-type=\"column\">\n\t\t\t<div class=\"elementor-widget-wrap elementor-element-populated\">\n\t\t\t\t\t\t<div class=\"elementor-element elementor-element-c060d28 elementor-widget elementor-widget-gva_post_breadcrumb\" data-id=\"c060d28\" data-element_type=\"widget\" data-e-type=\"widget\" data-widget_type=\"gva_post_breadcrumb.default\">\n\t\t\t\t<div class=\"elementor-widget-container\">\n\t\t\t\t\t<div class=\"gva-element-gva_post_breadcrumb gva-element\">   \r\n<div class=\"post-breadcrumb\">\r\n   <div class=\"custom-breadcrumb\" >\r\n            <div class=\"breadcrumb-main\">\r\n        <div class=\"container\">\r\n          <div class=\"breadcrumb-container-inner align-center\">\r\n            <h2 class=\"heading-title\">Members<\/h2><ol class=\"breadcrumb\"><li><a href=\"https:\/\/triptwowheels.com\/en\">Home<\/a> <\/li> <li class=\"active\">Page<\/li><\/ol>          <\/div>  \r\n        <\/div>   \r\n      <\/div>  \r\n   <\/div>\r\n<\/div>      \r\n\r\n<\/div>\t\t\t\t<\/div>\n\t\t\t\t<\/div>\n\t\t\t\t\t<\/div>\n\t\t<\/div>\n\t\t\t\t\t<\/div>\n\t\t<\/section>\n\t\t\t\t<section class=\"elementor-section elementor-top-section elementor-element elementor-element-39d57c1 elementor-section-boxed elementor-section-height-default elementor-section-height-default\" data-id=\"39d57c1\" data-element_type=\"section\" data-e-type=\"section\">\n\t\t\t\t\t\t<div class=\"elementor-container elementor-column-gap-default\">\n\t\t\t\t\t<div class=\"elementor-column elementor-col-100 elementor-top-column elementor-element elementor-element-d53e8c2\" data-id=\"d53e8c2\" data-element_type=\"column\" data-e-type=\"column\">\n\t\t\t<div class=\"elementor-widget-wrap elementor-element-populated\">\n\t\t\t\t\t\t<div class=\"elementor-element elementor-element-f104b21 elementor-widget elementor-widget-gva-heading-block\" data-id=\"f104b21\" data-element_type=\"widget\" data-e-type=\"widget\" data-widget_type=\"gva-heading-block.default\">\n\t\t\t\t<div class=\"elementor-widget-container\">\n\t\t\t\t\t<div class=\"gva-element-gva-heading-block gva-element\">   <div class=\"align-center style-1 widget gsc-heading box-align-left auto-responsive\">\r\n      <div class=\"content-inner\">\r\n         \r\n                  \r\n         <div class=\"sub-title\"><span class=\"tagline\">Trip Two Wheels<\/span><\/div>  \r\n         \r\n                     <h2 class=\"title\">\r\n               <span>Ready for an adventure?\nJoin our members club<\/span>\r\n            <\/h2>\r\n                  \r\n         \r\n         \r\n      <\/div>\r\n   <\/div>\r\n<\/div>\t\t\t\t<\/div>\n\t\t\t\t<\/div>\n\t\t\t\t\t<\/div>\n\t\t<\/div>\n\t\t\t\t\t<\/div>\n\t\t<\/section>\n\t\t\t\t<section class=\"elementor-section elementor-top-section elementor-element elementor-element-ce6dba8 elementor-section-boxed elementor-section-height-default elementor-section-height-default\" data-id=\"ce6dba8\" data-element_type=\"section\" data-e-type=\"section\">\n\t\t\t\t\t\t<div class=\"elementor-container elementor-column-gap-default\">\n\t\t\t\t\t<div class=\"elementor-column elementor-col-50 elementor-top-column elementor-element elementor-element-f62713a\" data-id=\"f62713a\" data-element_type=\"column\" data-e-type=\"column\">\n\t\t\t<div class=\"elementor-widget-wrap elementor-element-populated\">\n\t\t\t\t\t\t<div class=\"elementor-element elementor-element-d8d863d elementor-widget elementor-widget-gva-heading-block\" data-id=\"d8d863d\" data-element_type=\"widget\" data-e-type=\"widget\" data-widget_type=\"gva-heading-block.default\">\n\t\t\t\t<div class=\"elementor-widget-container\">\n\t\t\t\t\t<div class=\"gva-element-gva-heading-block gva-element\">   <div class=\"align-left style-1 widget gsc-heading box-align-left auto-responsive\">\r\n      <div class=\"content-inner\">\r\n         \r\n                  \r\n           \r\n         \r\n                     <h2 class=\"title\">\r\n               <span>Join Trip Two Wheels!<\/span>\r\n            <\/h2>\r\n                  \r\n                     <div class=\"title-desc\">Join our Members Club and embark on an exclusive journey with Trip Two Wheels. Become part of the adventure-loving community and discover exclusive benefits today!<\/div>\r\n         \r\n         \r\n      <\/div>\r\n   <\/div>\r\n<\/div>\t\t\t\t<\/div>\n\t\t\t\t<\/div>\n\t\t\t\t\t<\/div>\n\t\t<\/div>\n\t\t\t\t<div class=\"elementor-column elementor-col-50 elementor-top-column elementor-element elementor-element-3b6d25a\" data-id=\"3b6d25a\" data-element_type=\"column\" data-e-type=\"column\">\n\t\t\t<div class=\"elementor-widget-wrap elementor-element-populated\">\n\t\t\t\t\t\t<div class=\"elementor-element elementor-element-7046b2e elementor-widget elementor-widget-shortcode\" data-id=\"7046b2e\" data-element_type=\"widget\" data-e-type=\"widget\" data-widget_type=\"shortcode.default\">\n\t\t\t\t<div class=\"elementor-widget-container\">\n\t\t\t\t\t\t\t<div class=\"elementor-shortcode\">\n<div class=\"wpcf7 no-js\" id=\"wpcf7-f1283-o1\" lang=\"en-US\" dir=\"ltr\" data-wpcf7-id=\"1283\">\n<div class=\"screen-reader-response\"><p role=\"status\" aria-live=\"polite\" aria-atomic=\"true\"><\/p> <ul><\/ul><\/div>\n<form action=\"\/en\/wp-json\/wp\/v2\/pages\/1281#wpcf7-f1283-o1\" method=\"post\" class=\"wpcf7-form init\" aria-label=\"Contact form\" novalidate=\"novalidate\" data-status=\"init\" data-trp-original-action=\"\/en\/wp-json\/wp\/v2\/pages\/1281#wpcf7-f1283-o1\">\n<fieldset class=\"hidden-fields-container\"><input type=\"hidden\" name=\"_wpcf7\" value=\"1283\" \/><input type=\"hidden\" name=\"_wpcf7_version\" value=\"6.1.5\" \/><input type=\"hidden\" name=\"_wpcf7_locale\" value=\"en_US\" \/><input type=\"hidden\" name=\"_wpcf7_unit_tag\" value=\"wpcf7-f1283-o1\" \/><input type=\"hidden\" name=\"_wpcf7_container_post\" value=\"0\" \/><input type=\"hidden\" name=\"_wpcf7_posted_data_hash\" value=\"\" \/>\n<\/fieldset>\n<div class=\"row\">\n   <div class=\"col-sm-6 col-xs-12\">\n     <span class=\"wpcf7-form-control-wrap\" data-name=\"your-name\"><input size=\"40\" maxlength=\"400\" class=\"wpcf7-form-control wpcf7-text wpcf7-validates-as-required\" aria-required=\"true\" aria-invalid=\"false\" placeholder=\"Name\" value=\"\" type=\"text\" name=\"your-name\" \/><\/span>\n   <\/div>\n   <div class=\"col-sm-6 col-xs-12\">\n     <span class=\"wpcf7-form-control-wrap\" data-name=\"your-email\"><input size=\"40\" maxlength=\"400\" class=\"wpcf7-form-control wpcf7-email wpcf7-validates-as-required wpcf7-text wpcf7-validates-as-email\" aria-required=\"true\" aria-invalid=\"false\" placeholder=\"Email\" value=\"\" type=\"email\" name=\"your-email\" \/><\/span>\n   <\/div>\n<\/div>\n<div class=\"row\">\n   <div class=\"col-sm-6 col-xs-12\">\n      <span class=\"wpcf7-form-control-wrap\" data-name=\"your-phone\"><input size=\"40\" maxlength=\"400\" class=\"wpcf7-form-control wpcf7-text wpcf7-validates-as-required\" aria-required=\"true\" aria-invalid=\"false\" placeholder=\"Phone\" value=\"\" type=\"text\" name=\"your-phone\" \/><\/span>\n   <\/div>\n   <div class=\"col-sm-6 col-xs-12\">\n      <span class=\"wpcf7-form-control-wrap\" data-name=\"your-subject\"><input size=\"40\" maxlength=\"400\" class=\"wpcf7-form-control wpcf7-text wpcf7-validates-as-required\" aria-required=\"true\" aria-invalid=\"false\" placeholder=\"Nationality\" value=\"\" type=\"text\" name=\"your-subject\" \/><\/span>\n   <\/div>\n<\/div>\n<div class=\"row\">\n   <div class=\"col-sm-12 col-xs-12\">\n      <span class=\"wpcf7-form-control-wrap\" data-name=\"your-message\"><textarea cols=\"40\" rows=\"10\" maxlength=\"2000\" class=\"wpcf7-form-control wpcf7-textarea wpcf7-validates-as-required\" aria-required=\"true\" aria-invalid=\"false\" placeholder=\"Describe your motorcycle (Brand, model, engine capacity)\" name=\"your-message\"><\/textarea><\/span>\n   <\/div>\n   <div class=\"col-sm-12 col-xs-12 action text-left\"><span class=\"form-action\"><input class=\"wpcf7-form-control wpcf7-submit has-spinner\" type=\"submit\" value=\"Submit Application\" \/><\/span><\/div>\n<\/div><div class=\"wpcf7-response-output\" aria-hidden=\"true\"><\/div>\n<input type=\"hidden\" name=\"trp-form-language\" value=\"en\"\/><\/form>\n<\/div>\n<\/div>\n\t\t\t\t\t\t<\/div>\n\t\t\t\t<\/div>\n\t\t\t\t\t<\/div>\n\t\t<\/div>\n\t\t\t\t\t<\/div>\n\t\t<\/section>\n\t\t\t\t<\/div>","protected":false},"excerpt":{"rendered":"<p>Membros Home P\u00e1gina Trip Two Wheels Pronto para uma aventura? Fa\u00e7a parte do nosso clube de membros Junte-se \u00e0 Trip Two Wheels! Junte-se ao nosso Clube de Membros e embarque [&hellip;]<\/p>\n","protected":false},"author":1,"featured_media":0,"parent":0,"menu_order":0,"comment_status":"closed","ping_status":"closed","template":"","meta":{"footnotes":""},"class_list":["post-1281","page","type-page","status-publish","hentry"],"yoast_head":"<!-- This site is optimized with the Yoast SEO plugin v27.1.1 - https:\/\/yoast.com\/product\/yoast-seo-wordpress\/ -->\n<title>Membros - Trip Two Wheels<\/title>\n<meta name=\"robots\" content=\"index, follow, max-snippet:-1, max-image-preview:large, max-video-preview:-1\" \/>\n<link rel=\"canonical\" href=\"https:\/\/triptwowheels.com\/en\/membros\/\" \/>\n<meta property=\"og:locale\" content=\"en_GB\" \/>\n<meta property=\"og:type\" content=\"article\" \/>\n<meta property=\"og:title\" content=\"Membros - Trip Two Wheels\" \/>\n<meta property=\"og:description\" content=\"Membros Home P\u00e1gina Trip Two Wheels Pronto para uma aventura? Fa\u00e7a parte do nosso clube de membros Junte-se \u00e0 Trip Two Wheels! Junte-se ao nosso Clube de Membros e embarque [&hellip;]\" \/>\n<meta property=\"og:url\" content=\"https:\/\/triptwowheels.com\/en\/membros\/\" \/>\n<meta property=\"og:site_name\" content=\"Trip Two Wheels\" \/>\n<meta property=\"article:publisher\" content=\"https:\/\/www.facebook.com\/profile.php?id=100095441108602\" \/>\n<meta property=\"article:modified_time\" content=\"2023-09-10T19:26:20+00:00\" \/>\n<meta property=\"og:image\" content=\"https:\/\/triptwowheels.com\/wp-content\/uploads\/2023\/08\/DSC_0327.jpg\" \/>\n\t<meta property=\"og:image:width\" content=\"1800\" \/>\n\t<meta property=\"og:image:height\" content=\"1200\" \/>\n\t<meta property=\"og:image:type\" content=\"image\/jpeg\" \/>\n<meta name=\"twitter:card\" content=\"summary_large_image\" \/>\n<script type=\"application\/ld+json\" class=\"yoast-schema-graph\">{\"@context\":\"https:\/\/schema.org\",\"@graph\":[{\"@type\":\"WebPage\",\"@id\":\"https:\/\/triptwowheels.com\/membros\/\",\"url\":\"https:\/\/triptwowheels.com\/membros\/\",\"name\":\"Membros - Trip Two Wheels\",\"isPartOf\":{\"@id\":\"https:\/\/triptwowheels.com\/#website\"},\"datePublished\":\"2023-09-10T19:20:45+00:00\",\"dateModified\":\"2023-09-10T19:26:20+00:00\",\"breadcrumb\":{\"@id\":\"https:\/\/triptwowheels.com\/membros\/#breadcrumb\"},\"inLanguage\":\"en-GB\",\"potentialAction\":[{\"@type\":\"ReadAction\",\"target\":[\"https:\/\/triptwowheels.com\/membros\/\"]}]},{\"@type\":\"BreadcrumbList\",\"@id\":\"https:\/\/triptwowheels.com\/membros\/#breadcrumb\",\"itemListElement\":[{\"@type\":\"ListItem\",\"position\":1,\"name\":\"In\u00edcio\",\"item\":\"https:\/\/triptwowheels.com\/\"},{\"@type\":\"ListItem\",\"position\":2,\"name\":\"Membros\"}]},{\"@type\":\"WebSite\",\"@id\":\"https:\/\/triptwowheels.com\/#website\",\"url\":\"https:\/\/triptwowheels.com\/\",\"name\":\"Trip Two Wheels\",\"description\":\"Voyage au Portugal en moto , voyage au Portugal en moto trail , road trip en moto au Portugal, moto tourisme au Portugal, ballade en moto au Portugal, tour en moto au Portugal, circuit moto au Portugal, vacances a moto au portugal\",\"publisher\":{\"@id\":\"https:\/\/triptwowheels.com\/#organization\"},\"alternateName\":\"Trip Two Wheels\",\"potentialAction\":[{\"@type\":\"SearchAction\",\"target\":{\"@type\":\"EntryPoint\",\"urlTemplate\":\"https:\/\/triptwowheels.com\/?s={search_term_string}\"},\"query-input\":{\"@type\":\"PropertyValueSpecification\",\"valueRequired\":true,\"valueName\":\"search_term_string\"}}],\"inLanguage\":\"en-GB\"},{\"@type\":\"Organization\",\"@id\":\"https:\/\/triptwowheels.com\/#organization\",\"name\":\"Trip Two Wheels\",\"alternateName\":\"Trip Two Wheels\",\"url\":\"https:\/\/triptwowheels.com\/\",\"logo\":{\"@type\":\"ImageObject\",\"inLanguage\":\"en-GB\",\"@id\":\"https:\/\/triptwowheels.com\/#\/schema\/logo\/image\/\",\"url\":\"https:\/\/triptwowheels.com\/wp-content\/uploads\/2022\/12\/logot2w.svg\",\"contentUrl\":\"https:\/\/triptwowheels.com\/wp-content\/uploads\/2022\/12\/logot2w.svg\",\"width\":403,\"height\":382,\"caption\":\"Trip Two Wheels\"},\"image\":{\"@id\":\"https:\/\/triptwowheels.com\/#\/schema\/logo\/image\/\"},\"sameAs\":[\"https:\/\/www.facebook.com\/profile.php?id=100095441108602\",\"https:\/\/www.instagram.com\/triptwowheels_com\/\"]}]}<\/script>\n<!-- \/ Yoast SEO plugin. -->","yoast_head_json":{"title":"Membros - Trip Two Wheels","robots":{"index":"index","follow":"follow","max-snippet":"max-snippet:-1","max-image-preview":"max-image-preview:large","max-video-preview":"max-video-preview:-1"},"canonical":"https:\/\/triptwowheels.com\/en\/membros\/","og_locale":"en_GB","og_type":"article","og_title":"Membros - Trip Two Wheels","og_description":"Membros Home P\u00e1gina Trip Two Wheels Pronto para uma aventura? Fa\u00e7a parte do nosso clube de membros Junte-se \u00e0 Trip Two Wheels! Junte-se ao nosso Clube de Membros e embarque [&hellip;]","og_url":"https:\/\/triptwowheels.com\/en\/membros\/","og_site_name":"Trip Two Wheels","article_publisher":"https:\/\/www.facebook.com\/profile.php?id=100095441108602","article_modified_time":"2023-09-10T19:26:20+00:00","og_image":[{"width":1800,"height":1200,"url":"https:\/\/triptwowheels.com\/wp-content\/uploads\/2023\/08\/DSC_0327.jpg","type":"image\/jpeg"}],"twitter_card":"summary_large_image","schema":{"@context":"https:\/\/schema.org","@graph":[{"@type":"WebPage","@id":"https:\/\/triptwowheels.com\/membros\/","url":"https:\/\/triptwowheels.com\/membros\/","name":"Membros - Trip Two Wheels","isPartOf":{"@id":"https:\/\/triptwowheels.com\/#website"},"datePublished":"2023-09-10T19:20:45+00:00","dateModified":"2023-09-10T19:26:20+00:00","breadcrumb":{"@id":"https:\/\/triptwowheels.com\/membros\/#breadcrumb"},"inLanguage":"en-GB","potentialAction":[{"@type":"ReadAction","target":["https:\/\/triptwowheels.com\/membros\/"]}]},{"@type":"BreadcrumbList","@id":"https:\/\/triptwowheels.com\/membros\/#breadcrumb","itemListElement":[{"@type":"ListItem","position":1,"name":"In\u00edcio","item":"https:\/\/triptwowheels.com\/"},{"@type":"ListItem","position":2,"name":"Membros"}]},{"@type":"WebSite","@id":"https:\/\/triptwowheels.com\/#website","url":"https:\/\/triptwowheels.com\/","name":"Trip Two Wheels","description":"Voyage au Portugal en moto , voyage au Portugal en moto trail , road trip en moto au Portugal, moto tourisme au Portugal, ballade en moto au Portugal, tour en moto au Portugal, circuit moto au Portugal, vacances a moto au portugal","publisher":{"@id":"https:\/\/triptwowheels.com\/#organization"},"alternateName":"Trip Two Wheels","potentialAction":[{"@type":"SearchAction","target":{"@type":"EntryPoint","urlTemplate":"https:\/\/triptwowheels.com\/?s={search_term_string}"},"query-input":{"@type":"PropertyValueSpecification","valueRequired":true,"valueName":"search_term_string"}}],"inLanguage":"en-GB"},{"@type":"Organization","@id":"https:\/\/triptwowheels.com\/#organization","name":"Trip Two Wheels","alternateName":"Trip Two Wheels","url":"https:\/\/triptwowheels.com\/","logo":{"@type":"ImageObject","inLanguage":"en-GB","@id":"https:\/\/triptwowheels.com\/#\/schema\/logo\/image\/","url":"https:\/\/triptwowheels.com\/wp-content\/uploads\/2022\/12\/logot2w.svg","contentUrl":"https:\/\/triptwowheels.com\/wp-content\/uploads\/2022\/12\/logot2w.svg","width":403,"height":382,"caption":"Trip Two Wheels"},"image":{"@id":"https:\/\/triptwowheels.com\/#\/schema\/logo\/image\/"},"sameAs":["https:\/\/www.facebook.com\/profile.php?id=100095441108602","https:\/\/www.instagram.com\/triptwowheels_com\/"]}]}},"_links":{"self":[{"href":"https:\/\/triptwowheels.com\/en\/wp-json\/wp\/v2\/pages\/1281","targetHints":{"allow":["GET"]}}],"collection":[{"href":"https:\/\/triptwowheels.com\/en\/wp-json\/wp\/v2\/pages"}],"about":[{"href":"https:\/\/triptwowheels.com\/en\/wp-json\/wp\/v2\/types\/page"}],"author":[{"embeddable":true,"href":"https:\/\/triptwowheels.com\/en\/wp-json\/wp\/v2\/users\/1"}],"replies":[{"embeddable":true,"href":"https:\/\/triptwowheels.com\/en\/wp-json\/wp\/v2\/comments?post=1281"}],"version-history":[{"count":7,"href":"https:\/\/triptwowheels.com\/en\/wp-json\/wp\/v2\/pages\/1281\/revisions"}],"predecessor-version":[{"id":1289,"href":"https:\/\/triptwowheels.com\/en\/wp-json\/wp\/v2\/pages\/1281\/revisions\/1289"}],"wp:attachment":[{"href":"https:\/\/triptwowheels.com\/en\/wp-json\/wp\/v2\/media?parent=1281"}],"curies":[{"name":"wp","href":"https:\/\/api.w.org\/{rel}","templated":true}]}}