{"id":1474,"date":"2023-12-05T15:42:17","date_gmt":"2023-12-05T15:42:17","guid":{"rendered":"https:\/\/triptwowheels.com\/?post_type=product&#038;p=1474"},"modified":"2024-12-20T22:23:17","modified_gmt":"2024-12-20T22:23:17","slug":"pin-metalico-exclusivo-da-triptwowheels","status":"publish","type":"product","link":"https:\/\/triptwowheels.com\/en\/product\/pin-metalico-exclusivo-da-triptwowheels\/","title":{"rendered":"Pin Met\u00e1lico Exclusivo da TripTwoWheels"},"content":{"rendered":"<p>Destaque-se com o pin TripTwoWheels, um elegante acess\u00f3rio met\u00e1lico dispon\u00edvel em cores vibrantes ou em preto e branco. Este pin exclusivo, que incorpora o nosso logotipo distintivo, n\u00e3o \u00e9 apenas uma declara\u00e7\u00e3o de estilo, mas tamb\u00e9m um s\u00edmbolo que une os entusiastas da viagem em duas rodas. Seja parte da comunidade que vive para a aventura e fa\u00e7a uma declara\u00e7\u00e3o ousada com o nosso pin TripTwoWheels \u2013 o complemento perfeito para qualquer amante de viagens sobre duas rodas.<\/p>","protected":false},"excerpt":{"rendered":"<p>Destaque-se com o pin TripTwoWheels, um elegante acess\u00f3rio met\u00e1lico dispon\u00edvel em cores vibrantes ou em preto e branco. Este pin exclusivo, que incorpora o nosso logotipo distintivo, n\u00e3o \u00e9 apenas uma declara\u00e7\u00e3o de estilo, mas tamb\u00e9m um s\u00edmbolo que une os entusiastas da viagem em duas rodas. Seja parte da comunidade que vive para a aventura e fa\u00e7a uma declara\u00e7\u00e3o ousada com o nosso pin TripTwoWheels \u2013 o complemento perfeito para qualquer amante de viagens sobre duas rodas.<\/p>","protected":false},"featured_media":1475,"template":"","meta":[],"product_brand":[],"product_cat":[132],"product_tag":[],"class_list":{"0":"post-1474","1":"product","2":"type-product","3":"status-publish","4":"has-post-thumbnail","6":"product_cat-acessorios","8":"first","9":"instock","10":"taxable","11":"shipping-taxable","12":"purchasable","13":"product-type-simple"},"yoast_head":"<!-- This site is optimized with the Yoast SEO plugin v27.1.1 - https:\/\/yoast.com\/product\/yoast-seo-wordpress\/ -->\n<title>Pin Met\u00e1lico Exclusivo da TripTwoWheels - Trip Two Wheels<\/title>\n<meta name=\"robots\" content=\"index, follow, max-snippet:-1, max-image-preview:large, max-video-preview:-1\" \/>\n<link rel=\"canonical\" href=\"https:\/\/triptwowheels.com\/en\/product\/pin-metalico-exclusivo-da-triptwowheels\/\" \/>\n<meta property=\"og:locale\" content=\"en_GB\" \/>\n<meta property=\"og:type\" content=\"article\" \/>\n<meta property=\"og:title\" content=\"Pin Met\u00e1lico Exclusivo da TripTwoWheels - Trip Two Wheels\" \/>\n<meta property=\"og:description\" content=\"Destaque-se com o pin TripTwoWheels, um elegante acess\u00f3rio met\u00e1lico dispon\u00edvel em cores vibrantes ou em preto e branco. Este pin exclusivo, que incorpora o nosso logotipo distintivo, n\u00e3o \u00e9 apenas uma declara\u00e7\u00e3o de estilo, mas tamb\u00e9m um s\u00edmbolo que une os entusiastas da viagem em duas rodas. Seja parte da comunidade que vive para a aventura e fa\u00e7a uma declara\u00e7\u00e3o ousada com o nosso pin TripTwoWheels \u2013 o complemento perfeito para qualquer amante de viagens sobre duas rodas.\" \/>\n<meta property=\"og:url\" content=\"https:\/\/triptwowheels.com\/en\/product\/pin-metalico-exclusivo-da-triptwowheels\/\" \/>\n<meta property=\"og:site_name\" content=\"Trip Two Wheels\" \/>\n<meta property=\"article:publisher\" content=\"https:\/\/www.facebook.com\/profile.php?id=100095441108602\" \/>\n<meta property=\"article:modified_time\" content=\"2024-12-20T22:23:17+00:00\" \/>\n<meta property=\"og:image\" content=\"https:\/\/triptwowheels.com\/wp-content\/uploads\/2023\/12\/pin_cor.jpg\" \/>\n\t<meta property=\"og:image:width\" content=\"712\" \/>\n\t<meta property=\"og:image:height\" content=\"950\" \/>\n\t<meta property=\"og:image:type\" content=\"image\/jpeg\" \/>\n<meta name=\"twitter:card\" content=\"summary_large_image\" \/>\n<meta name=\"twitter:label1\" content=\"Estimated reading time\" \/>\n\t<meta name=\"twitter:data1\" content=\"1 minute\" \/>\n<script type=\"application\/ld+json\" class=\"yoast-schema-graph\">{\"@context\":\"https:\/\/schema.org\",\"@graph\":[{\"@type\":\"WebPage\",\"@id\":\"https:\/\/triptwowheels.com\/produto\/pin-metalico-exclusivo-da-triptwowheels\/\",\"url\":\"https:\/\/triptwowheels.com\/produto\/pin-metalico-exclusivo-da-triptwowheels\/\",\"name\":\"Pin Met\u00e1lico Exclusivo da TripTwoWheels - Trip Two Wheels\",\"isPartOf\":{\"@id\":\"https:\/\/triptwowheels.com\/#website\"},\"primaryImageOfPage\":{\"@id\":\"https:\/\/triptwowheels.com\/produto\/pin-metalico-exclusivo-da-triptwowheels\/#primaryimage\"},\"image\":{\"@id\":\"https:\/\/triptwowheels.com\/produto\/pin-metalico-exclusivo-da-triptwowheels\/#primaryimage\"},\"thumbnailUrl\":\"https:\/\/triptwowheels.com\/wp-content\/uploads\/2023\/12\/pin_cor.jpg\",\"datePublished\":\"2023-12-05T15:42:17+00:00\",\"dateModified\":\"2024-12-20T22:23:17+00:00\",\"breadcrumb\":{\"@id\":\"https:\/\/triptwowheels.com\/produto\/pin-metalico-exclusivo-da-triptwowheels\/#breadcrumb\"},\"inLanguage\":\"en-GB\",\"potentialAction\":[{\"@type\":\"ReadAction\",\"target\":[\"https:\/\/triptwowheels.com\/produto\/pin-metalico-exclusivo-da-triptwowheels\/\"]}]},{\"@type\":\"ImageObject\",\"inLanguage\":\"en-GB\",\"@id\":\"https:\/\/triptwowheels.com\/produto\/pin-metalico-exclusivo-da-triptwowheels\/#primaryimage\",\"url\":\"https:\/\/triptwowheels.com\/wp-content\/uploads\/2023\/12\/pin_cor.jpg\",\"contentUrl\":\"https:\/\/triptwowheels.com\/wp-content\/uploads\/2023\/12\/pin_cor.jpg\",\"width\":712,\"height\":950},{\"@type\":\"BreadcrumbList\",\"@id\":\"https:\/\/triptwowheels.com\/produto\/pin-metalico-exclusivo-da-triptwowheels\/#breadcrumb\",\"itemListElement\":[{\"@type\":\"ListItem\",\"position\":1,\"name\":\"In\u00edcio\",\"item\":\"https:\/\/triptwowheels.com\/\"},{\"@type\":\"ListItem\",\"position\":2,\"name\":\"Produits\",\"item\":\"https:\/\/triptwowheels.com\/fr\/shop\/\"},{\"@type\":\"ListItem\",\"position\":3,\"name\":\"Pin Met\u00e1lico Exclusivo da TripTwoWheels\"}]},{\"@type\":\"WebSite\",\"@id\":\"https:\/\/triptwowheels.com\/#website\",\"url\":\"https:\/\/triptwowheels.com\/\",\"name\":\"Trip Two Wheels\",\"description\":\"Voyage au Portugal en moto , voyage au Portugal en moto trail , road trip en moto au Portugal, moto tourisme au Portugal, ballade en moto au Portugal, tour en moto au Portugal, circuit moto au Portugal, vacances a moto au portugal\",\"publisher\":{\"@id\":\"https:\/\/triptwowheels.com\/#organization\"},\"alternateName\":\"Trip Two Wheels\",\"potentialAction\":[{\"@type\":\"SearchAction\",\"target\":{\"@type\":\"EntryPoint\",\"urlTemplate\":\"https:\/\/triptwowheels.com\/?s={search_term_string}\"},\"query-input\":{\"@type\":\"PropertyValueSpecification\",\"valueRequired\":true,\"valueName\":\"search_term_string\"}}],\"inLanguage\":\"en-GB\"},{\"@type\":\"Organization\",\"@id\":\"https:\/\/triptwowheels.com\/#organization\",\"name\":\"Trip Two Wheels\",\"alternateName\":\"Trip Two Wheels\",\"url\":\"https:\/\/triptwowheels.com\/\",\"logo\":{\"@type\":\"ImageObject\",\"inLanguage\":\"en-GB\",\"@id\":\"https:\/\/triptwowheels.com\/#\/schema\/logo\/image\/\",\"url\":\"https:\/\/triptwowheels.com\/wp-content\/uploads\/2022\/12\/logot2w.svg\",\"contentUrl\":\"https:\/\/triptwowheels.com\/wp-content\/uploads\/2022\/12\/logot2w.svg\",\"width\":403,\"height\":382,\"caption\":\"Trip Two Wheels\"},\"image\":{\"@id\":\"https:\/\/triptwowheels.com\/#\/schema\/logo\/image\/\"},\"sameAs\":[\"https:\/\/www.facebook.com\/profile.php?id=100095441108602\",\"https:\/\/www.instagram.com\/triptwowheels_com\/\"]}]}<\/script>\n<!-- \/ Yoast SEO plugin. -->","yoast_head_json":{"title":"Pin Met\u00e1lico Exclusivo da TripTwoWheels - Trip Two Wheels","robots":{"index":"index","follow":"follow","max-snippet":"max-snippet:-1","max-image-preview":"max-image-preview:large","max-video-preview":"max-video-preview:-1"},"canonical":"https:\/\/triptwowheels.com\/en\/product\/pin-metalico-exclusivo-da-triptwowheels\/","og_locale":"en_GB","og_type":"article","og_title":"Pin Met\u00e1lico Exclusivo da TripTwoWheels - Trip Two Wheels","og_description":"Destaque-se com o pin TripTwoWheels, um elegante acess\u00f3rio met\u00e1lico dispon\u00edvel em cores vibrantes ou em preto e branco. Este pin exclusivo, que incorpora o nosso logotipo distintivo, n\u00e3o \u00e9 apenas uma declara\u00e7\u00e3o de estilo, mas tamb\u00e9m um s\u00edmbolo que une os entusiastas da viagem em duas rodas. Seja parte da comunidade que vive para a aventura e fa\u00e7a uma declara\u00e7\u00e3o ousada com o nosso pin TripTwoWheels \u2013 o complemento perfeito para qualquer amante de viagens sobre duas rodas.","og_url":"https:\/\/triptwowheels.com\/en\/product\/pin-metalico-exclusivo-da-triptwowheels\/","og_site_name":"Trip Two Wheels","article_publisher":"https:\/\/www.facebook.com\/profile.php?id=100095441108602","article_modified_time":"2024-12-20T22:23:17+00:00","og_image":[{"width":712,"height":950,"url":"https:\/\/triptwowheels.com\/wp-content\/uploads\/2023\/12\/pin_cor.jpg","type":"image\/jpeg"}],"twitter_card":"summary_large_image","twitter_misc":{"Estimated reading time":"1 minute"},"schema":{"@context":"https:\/\/schema.org","@graph":[{"@type":"WebPage","@id":"https:\/\/triptwowheels.com\/produto\/pin-metalico-exclusivo-da-triptwowheels\/","url":"https:\/\/triptwowheels.com\/produto\/pin-metalico-exclusivo-da-triptwowheels\/","name":"Pin Met\u00e1lico Exclusivo da TripTwoWheels - Trip Two Wheels","isPartOf":{"@id":"https:\/\/triptwowheels.com\/#website"},"primaryImageOfPage":{"@id":"https:\/\/triptwowheels.com\/produto\/pin-metalico-exclusivo-da-triptwowheels\/#primaryimage"},"image":{"@id":"https:\/\/triptwowheels.com\/produto\/pin-metalico-exclusivo-da-triptwowheels\/#primaryimage"},"thumbnailUrl":"https:\/\/triptwowheels.com\/wp-content\/uploads\/2023\/12\/pin_cor.jpg","datePublished":"2023-12-05T15:42:17+00:00","dateModified":"2024-12-20T22:23:17+00:00","breadcrumb":{"@id":"https:\/\/triptwowheels.com\/produto\/pin-metalico-exclusivo-da-triptwowheels\/#breadcrumb"},"inLanguage":"en-GB","potentialAction":[{"@type":"ReadAction","target":["https:\/\/triptwowheels.com\/produto\/pin-metalico-exclusivo-da-triptwowheels\/"]}]},{"@type":"ImageObject","inLanguage":"en-GB","@id":"https:\/\/triptwowheels.com\/produto\/pin-metalico-exclusivo-da-triptwowheels\/#primaryimage","url":"https:\/\/triptwowheels.com\/wp-content\/uploads\/2023\/12\/pin_cor.jpg","contentUrl":"https:\/\/triptwowheels.com\/wp-content\/uploads\/2023\/12\/pin_cor.jpg","width":712,"height":950},{"@type":"BreadcrumbList","@id":"https:\/\/triptwowheels.com\/produto\/pin-metalico-exclusivo-da-triptwowheels\/#breadcrumb","itemListElement":[{"@type":"ListItem","position":1,"name":"In\u00edcio","item":"https:\/\/triptwowheels.com\/"},{"@type":"ListItem","position":2,"name":"Produits","item":"https:\/\/triptwowheels.com\/fr\/shop\/"},{"@type":"ListItem","position":3,"name":"Pin Met\u00e1lico Exclusivo da TripTwoWheels"}]},{"@type":"WebSite","@id":"https:\/\/triptwowheels.com\/#website","url":"https:\/\/triptwowheels.com\/","name":"Trip Two Wheels","description":"Voyage au Portugal en moto , voyage au Portugal en moto trail , road trip en moto au Portugal, moto tourisme au Portugal, ballade en moto au Portugal, tour en moto au Portugal, circuit moto au Portugal, vacances a moto au portugal","publisher":{"@id":"https:\/\/triptwowheels.com\/#organization"},"alternateName":"Trip Two Wheels","potentialAction":[{"@type":"SearchAction","target":{"@type":"EntryPoint","urlTemplate":"https:\/\/triptwowheels.com\/?s={search_term_string}"},"query-input":{"@type":"PropertyValueSpecification","valueRequired":true,"valueName":"search_term_string"}}],"inLanguage":"en-GB"},{"@type":"Organization","@id":"https:\/\/triptwowheels.com\/#organization","name":"Trip Two Wheels","alternateName":"Trip Two Wheels","url":"https:\/\/triptwowheels.com\/","logo":{"@type":"ImageObject","inLanguage":"en-GB","@id":"https:\/\/triptwowheels.com\/#\/schema\/logo\/image\/","url":"https:\/\/triptwowheels.com\/wp-content\/uploads\/2022\/12\/logot2w.svg","contentUrl":"https:\/\/triptwowheels.com\/wp-content\/uploads\/2022\/12\/logot2w.svg","width":403,"height":382,"caption":"Trip Two Wheels"},"image":{"@id":"https:\/\/triptwowheels.com\/#\/schema\/logo\/image\/"},"sameAs":["https:\/\/www.facebook.com\/profile.php?id=100095441108602","https:\/\/www.instagram.com\/triptwowheels_com\/"]}]}},"_links":{"self":[{"href":"https:\/\/triptwowheels.com\/en\/wp-json\/wp\/v2\/product\/1474","targetHints":{"allow":["GET"]}}],"collection":[{"href":"https:\/\/triptwowheels.com\/en\/wp-json\/wp\/v2\/product"}],"about":[{"href":"https:\/\/triptwowheels.com\/en\/wp-json\/wp\/v2\/types\/product"}],"wp:featuredmedia":[{"embeddable":true,"href":"https:\/\/triptwowheels.com\/en\/wp-json\/wp\/v2\/media\/1475"}],"wp:attachment":[{"href":"https:\/\/triptwowheels.com\/en\/wp-json\/wp\/v2\/media?parent=1474"}],"wp:term":[{"taxonomy":"product_brand","embeddable":true,"href":"https:\/\/triptwowheels.com\/en\/wp-json\/wp\/v2\/product_brand?post=1474"},{"taxonomy":"product_cat","embeddable":true,"href":"https:\/\/triptwowheels.com\/en\/wp-json\/wp\/v2\/product_cat?post=1474"},{"taxonomy":"product_tag","embeddable":true,"href":"https:\/\/triptwowheels.com\/en\/wp-json\/wp\/v2\/product_tag?post=1474"}],"curies":[{"name":"wp","href":"https:\/\/api.w.org\/{rel}","templated":true}]}}