{"id":1347,"date":"2023-10-11T22:26:44","date_gmt":"2023-10-11T22:26:44","guid":{"rendered":"https:\/\/triptwowheels.com\/?page_id=1347"},"modified":"2024-07-11T16:38:53","modified_gmt":"2024-07-11T16:38:53","slug":"parceiros","status":"publish","type":"page","link":"https:\/\/triptwowheels.com\/fr\/parceiros\/","title":{"rendered":"Les partenaires"},"content":{"rendered":"\t\t<div data-elementor-type=\"wp-page\" data-elementor-id=\"1347\" class=\"elementor elementor-1347\">\n\t\t\t\t\t\t<section class=\"elementor-section elementor-top-section elementor-element elementor-element-ee503c8 elementor-section-boxed elementor-section-height-default elementor-section-height-default\" data-id=\"ee503c8\" data-element_type=\"section\" data-e-type=\"section\" data-settings=\"{&quot;background_background&quot;:&quot;slideshow&quot;,&quot;background_slideshow_gallery&quot;:[{&quot;id&quot;:936,&quot;url&quot;:&quot;https:\\\/\\\/triptwowheels.com\\\/wp-content\\\/uploads\\\/2023\\\/08\\\/DSC_0317.jpg&quot;},{&quot;id&quot;:960,&quot;url&quot;:&quot;https:\\\/\\\/triptwowheels.com\\\/wp-content\\\/uploads\\\/2023\\\/08\\\/DSC_0352.jpg&quot;},{&quot;id&quot;:933,&quot;url&quot;:&quot;https:\\\/\\\/triptwowheels.com\\\/wp-content\\\/uploads\\\/2023\\\/08\\\/DSC_0313.jpg&quot;}],&quot;background_slideshow_ken_burns&quot;:&quot;yes&quot;,&quot;background_slideshow_transition_duration&quot;:800,&quot;background_slideshow_loop&quot;:&quot;yes&quot;,&quot;background_slideshow_slide_duration&quot;:5000,&quot;background_slideshow_slide_transition&quot;:&quot;fade&quot;,&quot;background_slideshow_ken_burns_zoom_direction&quot;:&quot;in&quot;}\">\n\t\t\t\t\t\t\t<div class=\"elementor-background-overlay\"><\/div>\n\t\t\t\t\t\t\t<div class=\"elementor-container elementor-column-gap-default\">\n\t\t\t\t\t<div class=\"elementor-column elementor-col-100 elementor-top-column elementor-element elementor-element-8028c45\" data-id=\"8028c45\" data-element_type=\"column\" data-e-type=\"column\">\n\t\t\t<div class=\"elementor-widget-wrap elementor-element-populated\">\n\t\t\t\t\t\t<div class=\"elementor-element elementor-element-44fce45 elementor-widget elementor-widget-gva-heading-block\" data-id=\"44fce45\" data-element_type=\"widget\" data-e-type=\"widget\" data-widget_type=\"gva-heading-block.default\">\n\t\t\t\t<div class=\"elementor-widget-container\">\n\t\t\t\t\t<div class=\"gva-element-gva-heading-block gva-element\">   <div class=\"align-left style-1 widget gsc-heading box-align-left auto-responsive\">\r\n      <div class=\"content-inner\">\r\n         \r\n                  \r\n           \r\n         \r\n                     <h2 class=\"title\">\r\n               <span>Parceiros<\/span>\r\n            <\/h2>\r\n                  \r\n                     <div class=\"title-desc\">Bem-vindo \u00e0 nossa fam\u00edlia de parceiros!<\/div>\r\n         \r\n         \r\n      <\/div>\r\n   <\/div>\r\n<\/div>\t\t\t\t<\/div>\n\t\t\t\t<\/div>\n\t\t\t\t\t<\/div>\n\t\t<\/div>\n\t\t\t\t\t<\/div>\n\t\t<\/section>\n\t\t\t\t<section class=\"elementor-section elementor-top-section elementor-element elementor-element-a345f98 elementor-section-boxed elementor-section-height-default elementor-section-height-default\" data-id=\"a345f98\" data-element_type=\"section\" data-e-type=\"section\" data-settings=\"{&quot;background_background&quot;:&quot;classic&quot;}\">\n\t\t\t\t\t\t<div class=\"elementor-container elementor-column-gap-default\">\n\t\t\t\t\t<div class=\"elementor-column elementor-col-100 elementor-top-column elementor-element elementor-element-7e23828\" data-id=\"7e23828\" data-element_type=\"column\" data-e-type=\"column\">\n\t\t\t<div class=\"elementor-widget-wrap elementor-element-populated\">\n\t\t\t\t\t\t<div class=\"elementor-element elementor-element-3b85a7c elementor-widget elementor-widget-gva-heading-block\" data-id=\"3b85a7c\" data-element_type=\"widget\" data-e-type=\"widget\" data-widget_type=\"gva-heading-block.default\">\n\t\t\t\t<div class=\"elementor-widget-container\">\n\t\t\t\t\t<div class=\"gva-element-gva-heading-block gva-element\">   <div class=\"align-left style-1 widget gsc-heading box-align-left auto-responsive\">\r\n      <div class=\"content-inner\">\r\n         \r\n                  \r\n         <div class=\"sub-title\"><span class=\"tagline\">Trip Two Wheels<\/span><\/div>  \r\n         \r\n                     <h2 class=\"title\">\r\n               <span>Bem-vindo \u00e0 nossa fam\u00edlia de parceiros!<\/span>\r\n            <\/h2>\r\n                  \r\n                     <div class=\"title-desc\">Na Trip Two Wheels, acreditamos que grandes aventuras s\u00e3o feitas de amizades e colabora\u00e7\u00f5es. Estamos orgulhosos de apresentar os nossos parceiros, empresas que compartilham a nossa paix\u00e3o pela aventura e pelo mundo das duas rodas.\n<br>\nOs nossos parceiros desempenham um papel fundamental em tornar as nossas experi\u00eancias memor\u00e1veis. Juntos, trabalhamos para proporcionar momentos \u00fanicos e emocionantes para todos os entusiastas de motas. \n<br>\nExplore esta galeria de parceiros que contribuem para tornar a Trip Two Wheels uma experi\u00eancia inesquec\u00edvel.<\/div>\r\n         \r\n         \r\n      <\/div>\r\n   <\/div>\r\n<\/div>\t\t\t\t<\/div>\n\t\t\t\t<\/div>\n\t\t\t\t\t<\/div>\n\t\t<\/div>\n\t\t\t\t\t<\/div>\n\t\t<\/section>\n\t\t\t\t<section class=\"elementor-section elementor-top-section elementor-element elementor-element-a887d90 elementor-section-boxed elementor-section-height-default elementor-section-height-default\" data-id=\"a887d90\" data-element_type=\"section\" data-e-type=\"section\">\n\t\t\t\t\t\t<div class=\"elementor-container elementor-column-gap-default\">\n\t\t\t\t\t<div class=\"elementor-column elementor-col-50 elementor-top-column elementor-element elementor-element-b301a79\" data-id=\"b301a79\" data-element_type=\"column\" data-e-type=\"column\">\n\t\t\t<div class=\"elementor-widget-wrap elementor-element-populated\">\n\t\t\t\t\t\t<div class=\"elementor-element elementor-element-27148a1 elementor-widget elementor-widget-heading\" data-id=\"27148a1\" data-element_type=\"widget\" data-e-type=\"widget\" data-widget_type=\"heading.default\">\n\t\t\t\t<div class=\"elementor-widget-container\">\n\t\t\t\t\t<h2 class=\"elementor-heading-title elementor-size-default\">Parceria JOMOTOS<\/h2>\t\t\t\t<\/div>\n\t\t\t\t<\/div>\n\t\t\t\t<div class=\"elementor-element elementor-element-505cf97 elementor-widget elementor-widget-video\" data-id=\"505cf97\" data-element_type=\"widget\" data-e-type=\"widget\" data-settings=\"{&quot;video_type&quot;:&quot;hosted&quot;,&quot;controls&quot;:&quot;yes&quot;}\" data-widget_type=\"video.default\">\n\t\t\t\t<div class=\"elementor-widget-container\">\n\t\t\t\t\t\t\t<div class=\"e-hosted-video elementor-wrapper elementor-open-inline\">\n\t\t\t\t\t<video class=\"elementor-video\" src=\"https:\/\/triptwowheels.com\/wp-content\/uploads\/2024\/05\/video_jomotos.mp4\" controls=\"\" preload=\"metadata\" controlsList=\"nodownload\"><\/video>\n\t\t\t\t<\/div>\n\t\t\t\t\t\t<\/div>\n\t\t\t\t<\/div>\n\t\t\t\t\t<\/div>\n\t\t<\/div>\n\t\t\t\t<div class=\"elementor-column elementor-col-50 elementor-top-column elementor-element elementor-element-a8562c9\" data-id=\"a8562c9\" data-element_type=\"column\" data-e-type=\"column\">\n\t\t\t<div class=\"elementor-widget-wrap elementor-element-populated\">\n\t\t\t\t\t\t<div class=\"elementor-element elementor-element-38dfc8d elementor-widget elementor-widget-image\" data-id=\"38dfc8d\" data-element_type=\"widget\" data-e-type=\"widget\" data-widget_type=\"image.default\">\n\t\t\t\t<div class=\"elementor-widget-container\">\n\t\t\t\t\t\t\t\t\t\t\t\t\t\t\t<img fetchpriority=\"high\" decoding=\"async\" width=\"900\" height=\"675\" src=\"https:\/\/triptwowheels.com\/wp-content\/uploads\/2024\/05\/DJI_20230719_143720_82-1024x768.jpg\" class=\"attachment-large size-large wp-image-12570\" alt=\"\" srcset=\"https:\/\/triptwowheels.com\/wp-content\/uploads\/2024\/05\/DJI_20230719_143720_82-1024x768.jpg 1024w, https:\/\/triptwowheels.com\/wp-content\/uploads\/2024\/05\/DJI_20230719_143720_82-300x225.jpg 300w, https:\/\/triptwowheels.com\/wp-content\/uploads\/2024\/05\/DJI_20230719_143720_82-768x576.jpg 768w, https:\/\/triptwowheels.com\/wp-content\/uploads\/2024\/05\/DJI_20230719_143720_82-16x12.jpg 16w, https:\/\/triptwowheels.com\/wp-content\/uploads\/2024\/05\/DJI_20230719_143720_82-600x450.jpg 600w\" sizes=\"(max-width: 900px) 100vw, 900px\" \/>\t\t\t\t\t\t\t\t\t\t\t\t\t\t\t<\/div>\n\t\t\t\t<\/div>\n\t\t\t\t\t<\/div>\n\t\t<\/div>\n\t\t\t\t\t<\/div>\n\t\t<\/section>\n\t\t\t\t<section class=\"elementor-section elementor-top-section elementor-element elementor-element-06aa89c elementor-section-boxed elementor-section-height-default elementor-section-height-default\" data-id=\"06aa89c\" data-element_type=\"section\" data-e-type=\"section\">\n\t\t\t\t\t\t<div class=\"elementor-container elementor-column-gap-default\">\n\t\t\t\t\t<div class=\"elementor-column elementor-col-50 elementor-top-column elementor-element elementor-element-4e566a1\" data-id=\"4e566a1\" data-element_type=\"column\" data-e-type=\"column\">\n\t\t\t<div class=\"elementor-widget-wrap elementor-element-populated\">\n\t\t\t\t\t\t<div class=\"elementor-element elementor-element-2ba686c elementor-widget elementor-widget-heading\" data-id=\"2ba686c\" data-element_type=\"widget\" data-e-type=\"widget\" data-widget_type=\"heading.default\">\n\t\t\t\t<div class=\"elementor-widget-container\">\n\t\t\t\t\t<h2 class=\"elementor-heading-title elementor-size-default\">Parceria Triumph Coigni\u00e8res<\/h2>\t\t\t\t<\/div>\n\t\t\t\t<\/div>\n\t\t\t\t<div class=\"elementor-element elementor-element-d75e431 elementor-widget elementor-widget-image\" data-id=\"d75e431\" data-element_type=\"widget\" data-e-type=\"widget\" data-widget_type=\"image.default\">\n\t\t\t\t<div class=\"elementor-widget-container\">\n\t\t\t\t\t\t\t\t\t\t\t\t\t\t\t<img decoding=\"async\" width=\"900\" height=\"392\" src=\"https:\/\/triptwowheels.com\/wp-content\/uploads\/2024\/07\/triumph-1024x446.jpg\" class=\"attachment-large size-large wp-image-12712\" alt=\"\" srcset=\"https:\/\/triptwowheels.com\/wp-content\/uploads\/2024\/07\/triumph-1024x446.jpg 1024w, https:\/\/triptwowheels.com\/wp-content\/uploads\/2024\/07\/triumph-300x131.jpg 300w, https:\/\/triptwowheels.com\/wp-content\/uploads\/2024\/07\/triumph-768x334.jpg 768w, https:\/\/triptwowheels.com\/wp-content\/uploads\/2024\/07\/triumph-18x8.jpg 18w, https:\/\/triptwowheels.com\/wp-content\/uploads\/2024\/07\/triumph-600x261.jpg 600w, https:\/\/triptwowheels.com\/wp-content\/uploads\/2024\/07\/triumph.jpg 1360w\" sizes=\"(max-width: 900px) 100vw, 900px\" \/>\t\t\t\t\t\t\t\t\t\t\t\t\t\t\t<\/div>\n\t\t\t\t<\/div>\n\t\t\t\t\t<\/div>\n\t\t<\/div>\n\t\t\t\t<div class=\"elementor-column elementor-col-50 elementor-top-column elementor-element elementor-element-4d396ee\" data-id=\"4d396ee\" data-element_type=\"column\" data-e-type=\"column\">\n\t\t\t<div class=\"elementor-widget-wrap elementor-element-populated\">\n\t\t\t\t\t\t<div class=\"elementor-element elementor-element-336ea6f elementor-widget elementor-widget-image\" data-id=\"336ea6f\" data-element_type=\"widget\" data-e-type=\"widget\" data-widget_type=\"image.default\">\n\t\t\t\t<div class=\"elementor-widget-container\">\n\t\t\t\t\t\t\t\t\t\t\t\t\t\t\t<img decoding=\"async\" width=\"565\" height=\"423\" src=\"https:\/\/triptwowheels.com\/wp-content\/uploads\/2024\/07\/1-concession-divers-n-19-565x423-bffffff-m1.jpg\" class=\"attachment-large size-large wp-image-12713\" alt=\"\" srcset=\"https:\/\/triptwowheels.com\/wp-content\/uploads\/2024\/07\/1-concession-divers-n-19-565x423-bffffff-m1.jpg 565w, https:\/\/triptwowheels.com\/wp-content\/uploads\/2024\/07\/1-concession-divers-n-19-565x423-bffffff-m1-300x225.jpg 300w, https:\/\/triptwowheels.com\/wp-content\/uploads\/2024\/07\/1-concession-divers-n-19-565x423-bffffff-m1-16x12.jpg 16w\" sizes=\"(max-width: 565px) 100vw, 565px\" \/>\t\t\t\t\t\t\t\t\t\t\t\t\t\t\t<\/div>\n\t\t\t\t<\/div>\n\t\t\t\t\t<\/div>\n\t\t<\/div>\n\t\t\t\t\t<\/div>\n\t\t<\/section>\n\t\t\t\t<section class=\"elementor-section elementor-top-section elementor-element elementor-element-df476d4 elementor-section-boxed elementor-section-height-default elementor-section-height-default\" data-id=\"df476d4\" data-element_type=\"section\" data-e-type=\"section\">\n\t\t\t\t\t\t<div class=\"elementor-container elementor-column-gap-default\">\n\t\t\t\t\t<div class=\"elementor-column elementor-col-100 elementor-top-column elementor-element elementor-element-ec47e1c\" data-id=\"ec47e1c\" data-element_type=\"column\" data-e-type=\"column\">\n\t\t\t<div class=\"elementor-widget-wrap elementor-element-populated\">\n\t\t\t\t\t\t<div class=\"elementor-element elementor-element-a638502 elementor-widget elementor-widget-heading\" data-id=\"a638502\" data-element_type=\"widget\" data-e-type=\"widget\" data-widget_type=\"heading.default\">\n\t\t\t\t<div class=\"elementor-widget-container\">\n\t\t\t\t\t<h4 class=\"elementor-heading-title elementor-size-default\">Conhe\u00e7a todos os nossos parceiros<\/h4>\t\t\t\t<\/div>\n\t\t\t\t<\/div>\n\t\t\t\t<div class=\"elementor-element elementor-element-3c54252 elementor-widget elementor-widget-image-carousel\" data-id=\"3c54252\" data-element_type=\"widget\" data-e-type=\"widget\" data-settings=\"{&quot;navigation&quot;:&quot;none&quot;,&quot;autoplay&quot;:&quot;yes&quot;,&quot;pause_on_hover&quot;:&quot;yes&quot;,&quot;pause_on_interaction&quot;:&quot;yes&quot;,&quot;autoplay_speed&quot;:5000,&quot;infinite&quot;:&quot;yes&quot;,&quot;speed&quot;:500}\" data-widget_type=\"image-carousel.default\">\n\t\t\t\t<div class=\"elementor-widget-container\">\n\t\t\t\t\t\t\t<div class=\"elementor-image-carousel-wrapper swiper\" role=\"region\" aria-roledescription=\"carousel\" aria-label=\"Carrossel de imagens\" dir=\"ltr\">\n\t\t\t<div class=\"elementor-image-carousel swiper-wrapper\" aria-live=\"off\">\n\t\t\t\t\t\t\t\t<div class=\"swiper-slide\" role=\"group\" aria-roledescription=\"slide\" aria-label=\"1 of 3\"><figure class=\"swiper-slide-inner\"><img decoding=\"async\" class=\"swiper-slide-image\" src=\"https:\/\/triptwowheels.com\/wp-content\/uploads\/2023\/10\/13082636_1802150813373711_7231543321427699558_n.png\" alt=\"13082636_1802150813373711_7231543321427699558_n\" \/><\/figure><\/div><div class=\"swiper-slide\" role=\"group\" aria-roledescription=\"slide\" aria-label=\"2 of 3\"><figure class=\"swiper-slide-inner\"><img decoding=\"async\" class=\"swiper-slide-image\" src=\"https:\/\/triptwowheels.com\/wp-content\/uploads\/2024\/05\/jomotos_logo.png\" alt=\"jomotos_logo\" \/><\/figure><\/div><div class=\"swiper-slide\" role=\"group\" aria-roledescription=\"slide\" aria-label=\"3 of 3\"><figure class=\"swiper-slide-inner\"><img decoding=\"async\" class=\"swiper-slide-image\" src=\"https:\/\/triptwowheels.com\/wp-content\/uploads\/2024\/07\/logo_triumph.jpg\" alt=\"logo_triumph\" \/><\/figure><\/div>\t\t\t<\/div>\n\t\t\t\t\t\t\t\n\t\t\t\t\t\t\t\t\t<\/div>\n\t\t\t\t\t\t<\/div>\n\t\t\t\t<\/div>\n\t\t\t\t\t<\/div>\n\t\t<\/div>\n\t\t\t\t\t<\/div>\n\t\t<\/section>\n\t\t\t\t<\/div>\n\t\t","protected":false},"excerpt":{"rendered":"<p>Parceiros Bem-vindo \u00e0 nossa fam\u00edlia de parceiros! Trip Two Wheels Bem-vindo \u00e0 nossa fam\u00edlia de parceiros! Na Trip Two Wheels, acreditamos que grandes aventuras s\u00e3o feitas de amizades e colabora\u00e7\u00f5es. [&hellip;]<\/p>\n","protected":false},"author":1,"featured_media":0,"parent":0,"menu_order":0,"comment_status":"closed","ping_status":"closed","template":"","meta":{"footnotes":""},"class_list":["post-1347","page","type-page","status-publish","hentry"],"yoast_head":"<!-- This site is optimized with the Yoast SEO plugin v27.1.1 - https:\/\/yoast.com\/product\/yoast-seo-wordpress\/ -->\n<title>Parceiros - Trip Two Wheels<\/title>\n<meta name=\"robots\" content=\"index, follow, max-snippet:-1, max-image-preview:large, max-video-preview:-1\" \/>\n<link rel=\"canonical\" href=\"https:\/\/triptwowheels.com\/fr\/parceiros\/\" \/>\n<meta property=\"og:locale\" content=\"fr_FR\" \/>\n<meta property=\"og:type\" content=\"article\" \/>\n<meta property=\"og:title\" content=\"Parceiros - Trip Two Wheels\" \/>\n<meta property=\"og:description\" content=\"Parceiros Bem-vindo \u00e0 nossa fam\u00edlia de parceiros! Trip Two Wheels Bem-vindo \u00e0 nossa fam\u00edlia de parceiros! Na Trip Two Wheels, acreditamos que grandes aventuras s\u00e3o feitas de amizades e colabora\u00e7\u00f5es. [&hellip;]\" \/>\n<meta property=\"og:url\" content=\"https:\/\/triptwowheels.com\/fr\/parceiros\/\" \/>\n<meta property=\"og:site_name\" content=\"Trip Two Wheels\" \/>\n<meta property=\"article:publisher\" content=\"https:\/\/www.facebook.com\/profile.php?id=100095441108602\" \/>\n<meta property=\"article:modified_time\" content=\"2024-07-11T16:38:53+00:00\" \/>\n<meta property=\"og:image\" content=\"https:\/\/triptwowheels.com\/wp-content\/uploads\/2024\/05\/DJI_20230719_143720_82-1024x768.jpg\" \/>\n<meta name=\"twitter:card\" content=\"summary_large_image\" \/>\n<meta name=\"twitter:label1\" content=\"Dur\u00e9e de lecture estim\u00e9e\" \/>\n\t<meta name=\"twitter:data1\" content=\"3 minutes\" \/>\n<script type=\"application\/ld+json\" class=\"yoast-schema-graph\">{\"@context\":\"https:\/\/schema.org\",\"@graph\":[{\"@type\":\"WebPage\",\"@id\":\"https:\/\/triptwowheels.com\/parceiros\/\",\"url\":\"https:\/\/triptwowheels.com\/parceiros\/\",\"name\":\"Parceiros - Trip Two Wheels\",\"isPartOf\":{\"@id\":\"https:\/\/triptwowheels.com\/#website\"},\"primaryImageOfPage\":{\"@id\":\"https:\/\/triptwowheels.com\/parceiros\/#primaryimage\"},\"image\":{\"@id\":\"https:\/\/triptwowheels.com\/parceiros\/#primaryimage\"},\"thumbnailUrl\":\"https:\/\/triptwowheels.com\/wp-content\/uploads\/2024\/05\/DJI_20230719_143720_82-1024x768.jpg\",\"datePublished\":\"2023-10-11T22:26:44+00:00\",\"dateModified\":\"2024-07-11T16:38:53+00:00\",\"breadcrumb\":{\"@id\":\"https:\/\/triptwowheels.com\/parceiros\/#breadcrumb\"},\"inLanguage\":\"fr-FR\",\"potentialAction\":[{\"@type\":\"ReadAction\",\"target\":[\"https:\/\/triptwowheels.com\/parceiros\/\"]}]},{\"@type\":\"ImageObject\",\"inLanguage\":\"fr-FR\",\"@id\":\"https:\/\/triptwowheels.com\/parceiros\/#primaryimage\",\"url\":\"https:\/\/triptwowheels.com\/wp-content\/uploads\/2024\/05\/DJI_20230719_143720_82-1024x768.jpg\",\"contentUrl\":\"https:\/\/triptwowheels.com\/wp-content\/uploads\/2024\/05\/DJI_20230719_143720_82-1024x768.jpg\"},{\"@type\":\"BreadcrumbList\",\"@id\":\"https:\/\/triptwowheels.com\/parceiros\/#breadcrumb\",\"itemListElement\":[{\"@type\":\"ListItem\",\"position\":1,\"name\":\"In\u00edcio\",\"item\":\"https:\/\/triptwowheels.com\/\"},{\"@type\":\"ListItem\",\"position\":2,\"name\":\"Parceiros\"}]},{\"@type\":\"WebSite\",\"@id\":\"https:\/\/triptwowheels.com\/#website\",\"url\":\"https:\/\/triptwowheels.com\/\",\"name\":\"Trip Two Wheels\",\"description\":\"Voyage au Portugal en moto , voyage au Portugal en moto trail , road trip en moto au Portugal, moto tourisme au Portugal, ballade en moto au Portugal, tour en moto au Portugal, circuit moto au Portugal, vacances a moto au portugal\",\"publisher\":{\"@id\":\"https:\/\/triptwowheels.com\/#organization\"},\"alternateName\":\"Trip Two Wheels\",\"potentialAction\":[{\"@type\":\"SearchAction\",\"target\":{\"@type\":\"EntryPoint\",\"urlTemplate\":\"https:\/\/triptwowheels.com\/?s={search_term_string}\"},\"query-input\":{\"@type\":\"PropertyValueSpecification\",\"valueRequired\":true,\"valueName\":\"search_term_string\"}}],\"inLanguage\":\"fr-FR\"},{\"@type\":\"Organization\",\"@id\":\"https:\/\/triptwowheels.com\/#organization\",\"name\":\"Trip Two Wheels\",\"alternateName\":\"Trip Two Wheels\",\"url\":\"https:\/\/triptwowheels.com\/\",\"logo\":{\"@type\":\"ImageObject\",\"inLanguage\":\"fr-FR\",\"@id\":\"https:\/\/triptwowheels.com\/#\/schema\/logo\/image\/\",\"url\":\"https:\/\/triptwowheels.com\/wp-content\/uploads\/2022\/12\/logot2w.svg\",\"contentUrl\":\"https:\/\/triptwowheels.com\/wp-content\/uploads\/2022\/12\/logot2w.svg\",\"width\":403,\"height\":382,\"caption\":\"Trip Two Wheels\"},\"image\":{\"@id\":\"https:\/\/triptwowheels.com\/#\/schema\/logo\/image\/\"},\"sameAs\":[\"https:\/\/www.facebook.com\/profile.php?id=100095441108602\",\"https:\/\/www.instagram.com\/triptwowheels_com\/\"]}]}<\/script>\n<!-- \/ Yoast SEO plugin. -->","yoast_head_json":{"title":"Parceiros - Trip Two Wheels","robots":{"index":"index","follow":"follow","max-snippet":"max-snippet:-1","max-image-preview":"max-image-preview:large","max-video-preview":"max-video-preview:-1"},"canonical":"https:\/\/triptwowheels.com\/fr\/parceiros\/","og_locale":"fr_FR","og_type":"article","og_title":"Parceiros - Trip Two Wheels","og_description":"Parceiros Bem-vindo \u00e0 nossa fam\u00edlia de parceiros! Trip Two Wheels Bem-vindo \u00e0 nossa fam\u00edlia de parceiros! Na Trip Two Wheels, acreditamos que grandes aventuras s\u00e3o feitas de amizades e colabora\u00e7\u00f5es. [&hellip;]","og_url":"https:\/\/triptwowheels.com\/fr\/parceiros\/","og_site_name":"Trip Two Wheels","article_publisher":"https:\/\/www.facebook.com\/profile.php?id=100095441108602","article_modified_time":"2024-07-11T16:38:53+00:00","og_image":[{"url":"https:\/\/triptwowheels.com\/wp-content\/uploads\/2024\/05\/DJI_20230719_143720_82-1024x768.jpg","type":"","width":"","height":""}],"twitter_card":"summary_large_image","twitter_misc":{"Dur\u00e9e de lecture estim\u00e9e":"3 minutes"},"schema":{"@context":"https:\/\/schema.org","@graph":[{"@type":"WebPage","@id":"https:\/\/triptwowheels.com\/parceiros\/","url":"https:\/\/triptwowheels.com\/parceiros\/","name":"Parceiros - Trip Two Wheels","isPartOf":{"@id":"https:\/\/triptwowheels.com\/#website"},"primaryImageOfPage":{"@id":"https:\/\/triptwowheels.com\/parceiros\/#primaryimage"},"image":{"@id":"https:\/\/triptwowheels.com\/parceiros\/#primaryimage"},"thumbnailUrl":"https:\/\/triptwowheels.com\/wp-content\/uploads\/2024\/05\/DJI_20230719_143720_82-1024x768.jpg","datePublished":"2023-10-11T22:26:44+00:00","dateModified":"2024-07-11T16:38:53+00:00","breadcrumb":{"@id":"https:\/\/triptwowheels.com\/parceiros\/#breadcrumb"},"inLanguage":"fr-FR","potentialAction":[{"@type":"ReadAction","target":["https:\/\/triptwowheels.com\/parceiros\/"]}]},{"@type":"ImageObject","inLanguage":"fr-FR","@id":"https:\/\/triptwowheels.com\/parceiros\/#primaryimage","url":"https:\/\/triptwowheels.com\/wp-content\/uploads\/2024\/05\/DJI_20230719_143720_82-1024x768.jpg","contentUrl":"https:\/\/triptwowheels.com\/wp-content\/uploads\/2024\/05\/DJI_20230719_143720_82-1024x768.jpg"},{"@type":"BreadcrumbList","@id":"https:\/\/triptwowheels.com\/parceiros\/#breadcrumb","itemListElement":[{"@type":"ListItem","position":1,"name":"In\u00edcio","item":"https:\/\/triptwowheels.com\/"},{"@type":"ListItem","position":2,"name":"Parceiros"}]},{"@type":"WebSite","@id":"https:\/\/triptwowheels.com\/#website","url":"https:\/\/triptwowheels.com\/","name":"Trip Two Wheels","description":"Voyage au Portugal en moto , voyage au Portugal en moto trail , road trip en moto au Portugal, moto tourisme au Portugal, ballade en moto au Portugal, tour en moto au Portugal, circuit moto au Portugal, vacances a moto au portugal","publisher":{"@id":"https:\/\/triptwowheels.com\/#organization"},"alternateName":"Trip Two Wheels","potentialAction":[{"@type":"SearchAction","target":{"@type":"EntryPoint","urlTemplate":"https:\/\/triptwowheels.com\/?s={search_term_string}"},"query-input":{"@type":"PropertyValueSpecification","valueRequired":true,"valueName":"search_term_string"}}],"inLanguage":"fr-FR"},{"@type":"Organization","@id":"https:\/\/triptwowheels.com\/#organization","name":"Trip Two Wheels","alternateName":"Trip Two Wheels","url":"https:\/\/triptwowheels.com\/","logo":{"@type":"ImageObject","inLanguage":"fr-FR","@id":"https:\/\/triptwowheels.com\/#\/schema\/logo\/image\/","url":"https:\/\/triptwowheels.com\/wp-content\/uploads\/2022\/12\/logot2w.svg","contentUrl":"https:\/\/triptwowheels.com\/wp-content\/uploads\/2022\/12\/logot2w.svg","width":403,"height":382,"caption":"Trip Two Wheels"},"image":{"@id":"https:\/\/triptwowheels.com\/#\/schema\/logo\/image\/"},"sameAs":["https:\/\/www.facebook.com\/profile.php?id=100095441108602","https:\/\/www.instagram.com\/triptwowheels_com\/"]}]}},"_links":{"self":[{"href":"https:\/\/triptwowheels.com\/fr\/wp-json\/wp\/v2\/pages\/1347","targetHints":{"allow":["GET"]}}],"collection":[{"href":"https:\/\/triptwowheels.com\/fr\/wp-json\/wp\/v2\/pages"}],"about":[{"href":"https:\/\/triptwowheels.com\/fr\/wp-json\/wp\/v2\/types\/page"}],"author":[{"embeddable":true,"href":"https:\/\/triptwowheels.com\/fr\/wp-json\/wp\/v2\/users\/1"}],"replies":[{"embeddable":true,"href":"https:\/\/triptwowheels.com\/fr\/wp-json\/wp\/v2\/comments?post=1347"}],"version-history":[{"count":100,"href":"https:\/\/triptwowheels.com\/fr\/wp-json\/wp\/v2\/pages\/1347\/revisions"}],"predecessor-version":[{"id":12716,"href":"https:\/\/triptwowheels.com\/fr\/wp-json\/wp\/v2\/pages\/1347\/revisions\/12716"}],"wp:attachment":[{"href":"https:\/\/triptwowheels.com\/fr\/wp-json\/wp\/v2\/media?parent=1347"}],"curies":[{"name":"wp","href":"https:\/\/api.w.org\/{rel}","templated":true}]}}